{"id":53942,"date":"2021-04-19T16:53:22","date_gmt":"2021-04-19T16:53:22","guid":{"rendered":"https:\/\/www.santjordihostels.com\/?page_id=53942"},"modified":"2021-04-20T11:24:45","modified_gmt":"2021-04-20T11:24:45","slug":"politica-de-privacidad-videovigilancia","status":"publish","type":"page","link":"https:\/\/www.santjordihostels.com\/es\/politica-de-privacidad-videovigilancia\/","title":{"rendered":"Pol\u00edtica de Privacidad &#8211; Videovigilancia"},"content":{"rendered":"<div class=\"wpb-content-wrapper\"><p>[vc_row][vc_column css=\u00bb.vc_custom_1560280992209{padding-bottom: 20px !important;}\u00bb][vc_column_text]<\/p>\n<h1>Pol\u00edtica de Privacidad de Videovigilancia<\/h1>\n<p>[\/vc_column_text][\/vc_column][\/vc_row][vc_row][vc_column width=\u00bb2\/3&#8243;][vc_separator css=\u00bb.vc_custom_1560281064696{padding-right: 40px !important;}\u00bb][vc_column_text css=\u00bb.vc_custom_1618917812287{padding-top: 20px !important;padding-right: 20px !important;padding-bottom: 20px !important;}\u00bb]<strong>INFORMACI\u00d3N ADICIONAL EN MATERIA DE VIDEO VIGILANCIA<\/strong><\/p>\n<p>De conformidad con lo en la normativa vigente de Protecci\u00f3n de Datos, se le informa:<\/p>\n<p><strong>Primero.-<\/strong> Que sus datos personales se incorporar\u00e1n a la base de datos de Video vigilancia titularidad de SANT JORDI ALBERGS, SL. con CIF n\u00ba B-65766180, que cumple con todas las medidas de seguridad requeridas para garantizar la confidencialidad, integridad, seguridad y recuperaci\u00f3n de la informaci\u00f3n. Usted tiene Derecho a obtener confirmaci\u00f3n sobre si estamos tratando sus datos personales, por tanto, tiene derecho a acceder a sus datos personales, rectificar los datos inexactos o solicitar su supresi\u00f3n cuando los datos ya no sean necesarios, tendr\u00e1 derecho de limitaci\u00f3n del tratamiento y a la portabilidad de su informaci\u00f3n, en su caso, de conformidad a los art\u00edculo 15 a 21 del RGPD, todo ello mediante escrito dirigido a nuestra direcci\u00f3n de acceso en Carrer Diputaci\u00f3 322 3\u00ba 2\u00aa, 08009 de Barcelona, Espa\u00f1a as\u00ed como a trav\u00e9s del correo electr\u00f3nico <a href=\"mailto:data.gdpr@santjordi.org\" target=\"_blank\" rel=\"noopener\">data.gdpr@santjordi.org<\/a>.<\/p>\n<p><strong>Segundo.-<\/strong> Que sus datos ser\u00e1n tratados con la \u00fanica finalidad de seguridad a trav\u00e9s de un sistema de video vigilancia pudiendo ser cesionarios de los mismos los organismos p\u00fablicos o Fuerzas y Cuerpos de Seguridad que nos los requieran, as\u00ed como la empresa de instaladora y mantenedora del sistema de video vigilancia (que seg\u00fan el alojamiento de Sant Jordi Hostels d\u00f3nde se encuentre puede ser TECHCO SEGURIDAD, S.L.., provisto de CIF n\u00ba B82929951 y con domicilio social en la Calle Barbadillo, 7, 28042 Madrid, o bien ELECTRONICA RODON, S.L., provisto de CIF n\u00ba B58892092 y con domicilio social en Travessera de Gr\u00e0cia 328, Bx 2\u00aa 08025 Barcelona), con el \u00fanico objeto de cumplir la referida finalidad, quienes responder\u00e1n de la confidencialidad de los datos en calidad de encargados del tratamiento, y con quienes el Responsable del Tratamiento ha suscrito el oportuno contrato. Tal como dispone el Reglamento (UE) 2016\/679 del Parlamento Europeo y del Consejo, de 27 de abril de 2016, relativo a la protecci\u00f3n de las personas f\u00edsicas en lo que respecta al tratamiento de datos personales y a la libre circulaci\u00f3n de estos datos, esta compa\u00f1\u00eda ha ofrecido garant\u00edas del cumplimiento de las obligaciones del reglamento poniendo a disposici\u00f3n del responsable de tratamiento toda la informaci\u00f3n necesaria para demostrar dicho cumplimiento y permitiendo la realizaci\u00f3n de auditor\u00edas de control.<\/p>\n<p><strong>Tercero.-<\/strong> Que sus datos se conservar\u00e1n en los sistemas de video vigilancia, \u00fanicamente, durante 30 d\u00edas, salvo que las im\u00e1genes deban ser bloqueadas y sacadas del circuito de tratamiento habitual, por ser objeto de investigaci\u00f3n de \u00edndole policial o judicial o por reclamaci\u00f3n del afectado.[\/vc_column_text][vc_tta_accordion active_section=\u00bb3&#8243; collapsible_all=\u00bbtrue\u00bb][vc_tta_section title=\u00bbPOL\u00cdTICA DE PRIVACIDAD COMPLETA\u00bb tab_id=\u00bb1563193082129-22b5c8a6-5335&#8243;][vc_column_text]SANT JORDI ALBERGS, S.L. obtiene datos de car\u00e1cter personal a trav\u00e9s del formulario de suscripci\u00f3n a nuestra Newsletter que se encuentra en la web, a trav\u00e9s del formulario de contacto de aquellas personas que remitan alguna candidatura de puestos de trabajo o solicitud de informaci\u00f3n para grupos, as\u00ed como a trav\u00e9s del registro en la web, por el volcado de informaci\u00f3n para realizar una reserva de un alojamiento en nuestros Hostels.<\/p>\n<p>De conformidad con la normativa vigente en Protecci\u00f3n de datos, en concreto, del Reglamento (UE) 2016\/679 del Parlamento Europeo y del Consejo, de 27 de abril de 2016, los datos de car\u00e1cter personal facilitados a SANT JORDI ALBERGS, S.L. a trav\u00e9s del presente portal web pasar\u00e1n a formar parte de sus sistemas de informaci\u00f3n que cumplen con las medidas de seguridad exigidas a fin de garantizar la confidencialidad, integridad, seguridad y recuperaci\u00f3n de la informaci\u00f3n.<\/p>\n<p>Las finalidades para las que se recaban estos datos estar\u00e1n siempre relacionadas con nuestros alojamientos, por lo que sus datos ser\u00e1n tratados por nuestro personal para poder dar respuesta a sus consultas, informarle puntualmente de novedades, ofertas o promociones que pudieran ser de su inter\u00e9s.<\/p>\n<p>En aquellos casos en los que la informaci\u00f3n que nos haya hecho llegar ha sido con la finalidad de participar en un proceso de selecci\u00f3n laboral, el tratamiento de sus datos se circunscribir\u00e1, \u00fanicamente, a este fin, procediendo a eliminar la informaci\u00f3n al a\u00f1o de haberla recibido.<\/p>\n<p>La Base Jur\u00eddica para este tratamiento es el consentimiento del Usuario, que nos presta a trav\u00e9s de su aceptaci\u00f3n en cada uno de los apartados de toma de datos.<\/p>\n<p>La informaci\u00f3n peri\u00f3dica se le remitir\u00e1 a trav\u00e9s de nuestra newsletter peri\u00f3dica cuando nos haya dado su consentimiento.<br \/>\nSus datos se conservar\u00e1n durante el plazo que conste Ud. inscrito para recibir la informaci\u00f3n solicitada, siendo su consentimiento revocable, \u00e9ste podr\u00e1 ser retirado en cualquier momento a trav\u00e9s del link que acompa\u00f1a cada env\u00edo para comunicarnos su BAJA o bien a trav\u00e9s de un correo electr\u00f3nico a la direcci\u00f3n <a href=\"mailto:data.gdpr@santjordi.org\" target=\"_blank\" rel=\"noopener\">data.gdpr@santjordi.org<\/a>. Desde ese momento, ya no recibir\u00e1 ninguna comunicaci\u00f3n por nuestra parte.<\/p>\n<p>No se proceder\u00e1 a la comunicaci\u00f3n ni cesi\u00f3n de sus datos, exceptuando de la empresa a trav\u00e9s de la cual realizamos los env\u00edos de Newsletter, cuyos servidores est\u00e1n ubicados en la Uni\u00f3n Europea.<\/p>\n<p>Cuando acuda a nuestras instalaciones, en el alojamiento que haya contratado, SANT JORDI ALBERGS, S.L. tambi\u00e9n almacenar\u00e1 en sus sistemas las im\u00e1genes tomadas dentro de los edificios, en virtud del sistema de c\u00e1maras de video vigilancia instaladas por una finalidad de control de los accesos y seguridad en las instalaciones y las personas. Estas im\u00e1genes solo ser\u00e1n comunicadas a los tribunales y\/o Fuerzas y Cuerpos de Seguridad del Estado, cuando as\u00ed se requieran, otros organismos p\u00fablicos amparados por una norma y a las empresas con las que se ha contratado el mantenimiento del sistema de video vigilancia con las que se firman los oportunos contratos de encargo de tratamiento.<\/p>\n<p>Usted tiene Derecho a obtener confirmaci\u00f3n sobre si estamos tratando sus datos personales, por tanto, tiene derecho a acceder a sus datos personales (Derecho de Acceso), tiene derecho a rectificar los datos inexactos (Derecho de Rectificaci\u00f3n) o a solicitar su supresi\u00f3n (Derecho de supresi\u00f3n) cuando los datos ya no sean necesarios, tiene derecho a ejercitar su oposici\u00f3n al tratamiento de datos (Derecho de oposici\u00f3n), a ejercitar su derecho a la limitaci\u00f3n al tratamiento, as\u00ed como tendr\u00e1 derecho a la portabilidad de sus datos, de ser el caso. Todo ello mediante escrito dirigido a nuestra direcci\u00f3n de acceso en Carrer Diputaci\u00f3 322 3\u00ba 2\u00aa, 08009 de Barcelona o bien a trav\u00e9s del correo electr\u00f3nico <a href=\"mailto:data.gdpr@santjordi.org\" target=\"_blank\" rel=\"noopener\">data.gdpr@santjordi.org<\/a> de conformidad con el procedimiento de los art\u00edculos 15 a 23 del Reglamento (UE) 2016\/679 del Parlamento Europeo y del Consejo, de 27 de abril de 2016.<\/p>\n<p>SANT JORDI ALBERGS, S.L., declara tener implementadas las medidas de seguridad de \u00edndole t\u00e9cnica y organizativa necesarias que garanticen la seguridad de los datos y eviten su alteraci\u00f3n, p\u00e9rdida, tratamiento o acceso no autorizado, habida cuenta del estado de la tecnolog\u00eda, la naturaleza de los datos almacenados y los riesgos a que est\u00e1n expuestos, ya provengan de la acci\u00f3n humana o del medio f\u00edsico o natural.<br \/>\nPara proteger la intimidad de los USUARIOS, queda prohibido el env\u00edo de cualquier dato referente a su ideolog\u00eda, religi\u00f3n, creencias, origen racial, salud, y vida sexual a trav\u00e9s de nuestros formularios.<br \/>\nAsimismo, le informamos que, en ning\u00fan caso, se realizar\u00e1n decisiones individuales automatizadas ni elaboraci\u00f3n de perfiles.<\/p>\n<p>Este Aviso Legal se rige por la Ley espa\u00f1ola. Por tanto, los usuarios se someten a los Juzgados y Tribunales de la ciudad de Barcelona, con renuncia expresa a su fuero propio, a\u00fan dentro del mismo territorio espa\u00f1ol.<br \/>\nAsimismo, los comerciantes establecidos en la UE que celebren contratos de prestaci\u00f3n de servicios en l\u00ednea ofrecer\u00e1n en su web un enlace electr\u00f3nico a la plataforma de resoluci\u00f3n de litigios en l\u00ednea. Este es:<br \/>\n<a href=\"https:\/\/ec.europa.eu\/consumers\/odr\/main\/index.cfm?event=main.home.show&amp;lng=ES\" target=\"_blank\" rel=\"noopener\">https:\/\/ec.europa.eu\/consumers\/odr\/main\/index.cfm?event=main.home.show&amp;lng=ES<\/a>[\/vc_column_text][\/vc_tta_section][\/vc_tta_accordion][\/vc_column][vc_column width=\u00bb1\/3&#8243; css=\u00bb.vc_custom_1560281163586{padding-top: 10px !important;padding-right: 10px !important;padding-bottom: 10px !important;padding-left: 10px !important;background-color: #f2f2f2 !important;}\u00bb][vc_column_text]<\/p>\n<ul>\n<li><a href=\"https:\/\/www.santjordihostels.com\/es\/politica-de-privacidad-2\/\" target=\"_blank\" rel=\"noopener\">Pol\u00edtica de Privacidad<\/a><\/li>\n<li><a href=\"https:\/\/www.santjordihostels.com\/es\/terminos-y-condiciones-2\/\" target=\"_blank\" rel=\"noopener\">T\u00e9rminos y condiciones de reservas<\/a><\/li>\n<li><a href=\"https:\/\/www.santjordihostels.com\/es\/politica-cookies-y-aviso-legal\/\" target=\"_blank\" rel=\"noopener\">Pol\u00edtica de Cookies y Aviso Legal<\/a><\/li>\n<li><a href=\"https:\/\/www.santjordihostels.com\/es\/politica-de-privacidad-publicidad\/\" target=\"_blank\" rel=\"noopener\">Pol\u00edtica de Privacidad de Publicidad<\/a><\/li>\n<li><a href=\"https:\/\/www.santjordihostels.com\/es\/politica-de-privacidad-recursos-humanos\/\" target=\"_blank\" rel=\"noopener\">Pol\u00edtica de Privacidad \u2013 RRHH<\/a><\/li>\n<li><a href=\"https:\/\/www.santjordihostels.com\/es\/politica-de-privacidad-reservas-individuales-o-grupos\/\" target=\"_blank\" rel=\"noopener\">Pol\u00edtica de Privacidad de Reservas Individuales o Grupos<\/a><\/li>\n<li><a href=\"https:\/\/www.santjordihostels.com\/es\/politica-de-privacidad-videovigilancia\/\" target=\"_blank\" rel=\"noopener\">Pol\u00edtica de Privacidad de Videovigilancia<\/a><\/li>\n<\/ul>\n<p>[\/vc_column_text][\/vc_column][\/vc_row]<\/p>\n<\/div>","protected":false},"excerpt":{"rendered":"<p>[vc_row][vc_column css=\u00bb.vc_custom_1560280992209{padding-bottom: 20px !important;}\u00bb][vc_column_text] Pol\u00edtica de Privacidad de Videovigilancia [\/vc_column_text][\/vc_column][\/vc_row][vc_row][vc_column width=\u00bb2\/3&#8243;][vc_separator css=\u00bb.vc_custom_1560281064696{padding-right: 40px !important;}\u00bb][vc_column_text css=\u00bb.vc_custom_1618917812287{padding-top: 20px !important;padding-right: 20px !important;padding-bottom: 20px !important;}\u00bb]INFORMACI\u00d3N ADICIONAL EN MATERIA DE VIDEO VIGILANCIA De conformidad con lo en la normativa vigente de Protecci\u00f3n de Datos, se le informa: Primero.- Que sus datos personales se incorporar\u00e1n a la base de datos de&hellip;<\/p>\n","protected":false},"author":15,"featured_media":0,"parent":0,"menu_order":0,"comment_status":"closed","ping_status":"closed","template":"","meta":{"_acf_changed":false,"footnotes":""},"class_list":["post-53942","page","type-page","status-publish","hentry","description-off"],"acf":[],"yoast_head":"<!-- This site is optimized with the Yoast SEO plugin v25.6 - https:\/\/yoast.com\/wordpress\/plugins\/seo\/ -->\n<title>Pol\u00edtica de Privacidad - Videovigilancia - Sant Jordi Hostels<\/title>\n<meta name=\"description\" content=\"Pol\u00edtica de privacidad de la informaci\u00f3n e im\u00e1genes obtenidas por nuestros equipos de video vigilancia en nuestras instalaciones.\" \/>\n<meta name=\"robots\" content=\"index, follow, max-snippet:-1, max-image-preview:large, max-video-preview:-1\" \/>\n<link rel=\"canonical\" href=\"https:\/\/www.santjordihostels.com\/es\/politica-de-privacidad-videovigilancia\/\" \/>\n<meta property=\"og:locale\" content=\"es_ES\" \/>\n<meta property=\"og:type\" content=\"article\" \/>\n<meta property=\"og:title\" content=\"Pol\u00edtica de Privacidad - Videovigilancia - Sant Jordi Hostels\" \/>\n<meta property=\"og:description\" content=\"Pol\u00edtica de privacidad de la informaci\u00f3n e im\u00e1genes obtenidas por nuestros equipos de video vigilancia en nuestras instalaciones.\" \/>\n<meta property=\"og:url\" content=\"https:\/\/www.santjordihostels.com\/es\/politica-de-privacidad-videovigilancia\/\" \/>\n<meta property=\"og:site_name\" content=\"Sant Jordi Hostels\" \/>\n<meta property=\"article:publisher\" content=\"https:\/\/www.facebook.com\/santjordihostels\/\" \/>\n<meta property=\"article:modified_time\" content=\"2021-04-20T11:24:45+00:00\" \/>\n<meta name=\"twitter:card\" content=\"summary_large_image\" \/>\n<meta name=\"twitter:site\" content=\"@santjordihostel\" \/>\n<meta name=\"twitter:label1\" content=\"Tiempo de lectura\" \/>\n\t<meta name=\"twitter:data1\" content=\"6 minutos\" \/>\n<script type=\"application\/ld+json\" class=\"yoast-schema-graph\">{\"@context\":\"https:\/\/schema.org\",\"@graph\":[{\"@type\":\"WebPage\",\"@id\":\"https:\/\/www.santjordihostels.com\/es\/politica-de-privacidad-videovigilancia\/\",\"url\":\"https:\/\/www.santjordihostels.com\/es\/politica-de-privacidad-videovigilancia\/\",\"name\":\"Pol\u00edtica de Privacidad - Videovigilancia - Sant Jordi Hostels\",\"isPartOf\":{\"@id\":\"https:\/\/www.santjordihostels.com\/pt-br\/#website\"},\"datePublished\":\"2021-04-19T16:53:22+00:00\",\"dateModified\":\"2021-04-20T11:24:45+00:00\",\"description\":\"Pol\u00edtica de privacidad de la informaci\u00f3n e im\u00e1genes obtenidas por nuestros equipos de video vigilancia en nuestras instalaciones.\",\"breadcrumb\":{\"@id\":\"https:\/\/www.santjordihostels.com\/es\/politica-de-privacidad-videovigilancia\/#breadcrumb\"},\"inLanguage\":\"es\",\"potentialAction\":[{\"@type\":\"ReadAction\",\"target\":[\"https:\/\/www.santjordihostels.com\/es\/politica-de-privacidad-videovigilancia\/\"]}]},{\"@type\":\"BreadcrumbList\",\"@id\":\"https:\/\/www.santjordihostels.com\/es\/politica-de-privacidad-videovigilancia\/#breadcrumb\",\"itemListElement\":[{\"@type\":\"ListItem\",\"position\":1,\"name\":\"Home\",\"item\":\"https:\/\/www.santjordihostels.com\/es\/\"},{\"@type\":\"ListItem\",\"position\":2,\"name\":\"Pol\u00edtica de Privacidad &#8211; Videovigilancia\"}]},{\"@type\":\"WebSite\",\"@id\":\"https:\/\/www.santjordihostels.com\/pt-br\/#website\",\"url\":\"https:\/\/www.santjordihostels.com\/pt-br\/\",\"name\":\"Sant Jordi Hostels\",\"description\":\"Award winning Barcelona Hostels. Modern Facilities. Great Locations. Fun Activities. The best Hostels Barcelona for good times and great accommodations.\",\"publisher\":{\"@id\":\"https:\/\/www.santjordihostels.com\/pt-br\/#organization\"},\"potentialAction\":[{\"@type\":\"SearchAction\",\"target\":{\"@type\":\"EntryPoint\",\"urlTemplate\":\"https:\/\/www.santjordihostels.com\/pt-br\/?s={search_term_string}\"},\"query-input\":{\"@type\":\"PropertyValueSpecification\",\"valueRequired\":true,\"valueName\":\"search_term_string\"}}],\"inLanguage\":\"es\"},{\"@type\":\"Organization\",\"@id\":\"https:\/\/www.santjordihostels.com\/pt-br\/#organization\",\"name\":\"Sant Jordi Hostels\",\"url\":\"https:\/\/www.santjordihostels.com\/pt-br\/\",\"logo\":{\"@type\":\"ImageObject\",\"inLanguage\":\"es\",\"@id\":\"https:\/\/www.santjordihostels.com\/pt-br\/#\/schema\/logo\/image\/\",\"url\":\"https:\/\/www.santjordihostels.com\/wp-content\/uploads\/SJ_hd-logo2_2x.png\",\"contentUrl\":\"https:\/\/www.santjordihostels.com\/wp-content\/uploads\/SJ_hd-logo2_2x.png\",\"width\":163,\"height\":130,\"caption\":\"Sant Jordi Hostels\"},\"image\":{\"@id\":\"https:\/\/www.santjordihostels.com\/pt-br\/#\/schema\/logo\/image\/\"},\"sameAs\":[\"https:\/\/www.facebook.com\/santjordihostels\/\",\"https:\/\/x.com\/santjordihostel\",\"https:\/\/www.instagram.com\/santjordihostels\/\",\"https:\/\/www.pinterest.es\/santjordihostels\"]}]}<\/script>\n<!-- \/ Yoast SEO plugin. -->","yoast_head_json":{"title":"Pol\u00edtica de Privacidad - Videovigilancia - Sant Jordi Hostels","description":"Pol\u00edtica de privacidad de la informaci\u00f3n e im\u00e1genes obtenidas por nuestros equipos de video vigilancia en nuestras instalaciones.","robots":{"index":"index","follow":"follow","max-snippet":"max-snippet:-1","max-image-preview":"max-image-preview:large","max-video-preview":"max-video-preview:-1"},"canonical":"https:\/\/www.santjordihostels.com\/es\/politica-de-privacidad-videovigilancia\/","og_locale":"es_ES","og_type":"article","og_title":"Pol\u00edtica de Privacidad - Videovigilancia - Sant Jordi Hostels","og_description":"Pol\u00edtica de privacidad de la informaci\u00f3n e im\u00e1genes obtenidas por nuestros equipos de video vigilancia en nuestras instalaciones.","og_url":"https:\/\/www.santjordihostels.com\/es\/politica-de-privacidad-videovigilancia\/","og_site_name":"Sant Jordi Hostels","article_publisher":"https:\/\/www.facebook.com\/santjordihostels\/","article_modified_time":"2021-04-20T11:24:45+00:00","twitter_card":"summary_large_image","twitter_site":"@santjordihostel","twitter_misc":{"Tiempo de lectura":"6 minutos"},"schema":{"@context":"https:\/\/schema.org","@graph":[{"@type":"WebPage","@id":"https:\/\/www.santjordihostels.com\/es\/politica-de-privacidad-videovigilancia\/","url":"https:\/\/www.santjordihostels.com\/es\/politica-de-privacidad-videovigilancia\/","name":"Pol\u00edtica de Privacidad - Videovigilancia - Sant Jordi Hostels","isPartOf":{"@id":"https:\/\/www.santjordihostels.com\/pt-br\/#website"},"datePublished":"2021-04-19T16:53:22+00:00","dateModified":"2021-04-20T11:24:45+00:00","description":"Pol\u00edtica de privacidad de la informaci\u00f3n e im\u00e1genes obtenidas por nuestros equipos de video vigilancia en nuestras instalaciones.","breadcrumb":{"@id":"https:\/\/www.santjordihostels.com\/es\/politica-de-privacidad-videovigilancia\/#breadcrumb"},"inLanguage":"es","potentialAction":[{"@type":"ReadAction","target":["https:\/\/www.santjordihostels.com\/es\/politica-de-privacidad-videovigilancia\/"]}]},{"@type":"BreadcrumbList","@id":"https:\/\/www.santjordihostels.com\/es\/politica-de-privacidad-videovigilancia\/#breadcrumb","itemListElement":[{"@type":"ListItem","position":1,"name":"Home","item":"https:\/\/www.santjordihostels.com\/es\/"},{"@type":"ListItem","position":2,"name":"Pol\u00edtica de Privacidad &#8211; Videovigilancia"}]},{"@type":"WebSite","@id":"https:\/\/www.santjordihostels.com\/pt-br\/#website","url":"https:\/\/www.santjordihostels.com\/pt-br\/","name":"Sant Jordi Hostels","description":"Award winning Barcelona Hostels. Modern Facilities. Great Locations. Fun Activities. The best Hostels Barcelona for good times and great accommodations.","publisher":{"@id":"https:\/\/www.santjordihostels.com\/pt-br\/#organization"},"potentialAction":[{"@type":"SearchAction","target":{"@type":"EntryPoint","urlTemplate":"https:\/\/www.santjordihostels.com\/pt-br\/?s={search_term_string}"},"query-input":{"@type":"PropertyValueSpecification","valueRequired":true,"valueName":"search_term_string"}}],"inLanguage":"es"},{"@type":"Organization","@id":"https:\/\/www.santjordihostels.com\/pt-br\/#organization","name":"Sant Jordi Hostels","url":"https:\/\/www.santjordihostels.com\/pt-br\/","logo":{"@type":"ImageObject","inLanguage":"es","@id":"https:\/\/www.santjordihostels.com\/pt-br\/#\/schema\/logo\/image\/","url":"https:\/\/www.santjordihostels.com\/wp-content\/uploads\/SJ_hd-logo2_2x.png","contentUrl":"https:\/\/www.santjordihostels.com\/wp-content\/uploads\/SJ_hd-logo2_2x.png","width":163,"height":130,"caption":"Sant Jordi Hostels"},"image":{"@id":"https:\/\/www.santjordihostels.com\/pt-br\/#\/schema\/logo\/image\/"},"sameAs":["https:\/\/www.facebook.com\/santjordihostels\/","https:\/\/x.com\/santjordihostel","https:\/\/www.instagram.com\/santjordihostels\/","https:\/\/www.pinterest.es\/santjordihostels"]}]}},"_links":{"self":[{"href":"https:\/\/www.santjordihostels.com\/es\/wp-json\/wp\/v2\/pages\/53942"}],"collection":[{"href":"https:\/\/www.santjordihostels.com\/es\/wp-json\/wp\/v2\/pages"}],"about":[{"href":"https:\/\/www.santjordihostels.com\/es\/wp-json\/wp\/v2\/types\/page"}],"author":[{"embeddable":true,"href":"https:\/\/www.santjordihostels.com\/es\/wp-json\/wp\/v2\/users\/15"}],"replies":[{"embeddable":true,"href":"https:\/\/www.santjordihostels.com\/es\/wp-json\/wp\/v2\/comments?post=53942"}],"version-history":[{"count":3,"href":"https:\/\/www.santjordihostels.com\/es\/wp-json\/wp\/v2\/pages\/53942\/revisions"}],"predecessor-version":[{"id":53990,"href":"https:\/\/www.santjordihostels.com\/es\/wp-json\/wp\/v2\/pages\/53942\/revisions\/53990"}],"wp:attachment":[{"href":"https:\/\/www.santjordihostels.com\/es\/wp-json\/wp\/v2\/media?parent=53942"}],"curies":[{"name":"wp","href":"https:\/\/api.w.org\/{rel}","templated":true}]}}