{"id":53918,"date":"2021-04-19T16:39:07","date_gmt":"2021-04-19T16:39:07","guid":{"rendered":"https:\/\/www.santjordihostels.com\/?page_id=53918"},"modified":"2021-04-20T11:00:23","modified_gmt":"2021-04-20T11:00:23","slug":"politica-de-privacidad-publicidad","status":"publish","type":"page","link":"https:\/\/www.santjordihostels.com\/es\/politica-de-privacidad-publicidad\/","title":{"rendered":"Pol\u00edtica de Privacidad &#8211; Publicidad"},"content":{"rendered":"<div class=\"wpb-content-wrapper\"><p>[vc_row][vc_column css=\u00bb.vc_custom_1560280992209{padding-bottom: 20px !important;}\u00bb][vc_column_text]<\/p>\n<h1>Pol\u00edtica de Privacidad &#8211; Publicidad<\/h1>\n<p>[\/vc_column_text][\/vc_column][\/vc_row][vc_row][vc_column width=\u00bb2\/3&#8243;][vc_separator css=\u00bb.vc_custom_1560281064696{padding-right: 40px !important;}\u00bb][vc_column_text css=\u00bb.vc_custom_1618916419382{padding-top: 20px !important;padding-right: 20px !important;padding-bottom: 20px !important;}\u00bb]Le informamos que la informaci\u00f3n remitida a trav\u00e9s del presente formulario de contacto web quedar\u00e1 incorporada a los sistemas de informaci\u00f3n de SANT JORDI ALBERGS, S.L.<br \/>\nDe conformidad con la normativa vigente en Protecci\u00f3n de datos, en concreto, del Reglamento (UE) 2016\/679 del Parlamento Europeo y del Consejo, de 27 de abril de 2016, relativo a la protecci\u00f3n de datos, esta informaci\u00f3n se utilizar\u00e1 para hacerle llegar la informaci\u00f3n referida a nuestros alojamientos, promociones, ofertas y novedades, a trav\u00e9s de nuestra Newsletter, siempre que nos autorice expresamente.<\/p>\n<p>No se proceder\u00e1 a la comunicaci\u00f3n ni cesi\u00f3n de sus datos, exceptuando a los organismos p\u00fablicos amparados por una norma y a las empresas con las que tengamos contratados la prestaci\u00f3n de servicios de provisi\u00f3n, mantenimiento y soporte del sistema de informaci\u00f3n de la empresa, con los que hemos suscrito los oportunos contratos de encargo de tratamiento.<br \/>\nLa Base Jur\u00eddica para este tratamiento es el consentimiento del Usuario, que nos presta a trav\u00e9s de su aceptaci\u00f3n.<br \/>\nUsted en cualquier momento, tendr\u00e1 derecho a obtener confirmaci\u00f3n sobre si estamos tratando sus datos personales, por tanto, tiene Derecho a acceder a sus datos personales, tiene derecho a rectificar los datos inexactos o solicitar su supresi\u00f3n cuando los datos ya no sean necesarios, tiene derecho a ejercitar su oposici\u00f3n al tratamiento de datos, a ejercitar la limitaci\u00f3n al tratamiento, tendr\u00e1 derecho a la portabilidad de sus datos, de ser el caso, as\u00ed como derecho a no ser objeto de decisiones individualizadas automatizadas, incluida la elaboraci\u00f3n de perfiles. Todo ello mediante escrito dirigido a nuestra direcci\u00f3n de acceso en Carrer Diputaci\u00f3 322 3\u00ba 2\u00aa, 08009 de Barcelona o a trav\u00e9s del correo electr\u00f3nico <a href=\"mailto:data.gdpr@santjordi.org\" target=\"_blank\" rel=\"noopener\">data.gdpr@santjordi.org<\/a>.[\/vc_column_text][vc_tta_accordion active_section=\u00bb3&#8243; collapsible_all=\u00bbtrue\u00bb][vc_tta_section title=\u00bbPOL\u00cdTICA DE PRIVACIDAD COMPLETA\u00bb tab_id=\u00bb1563193082129-22b5c8a6-5335&#8243;][vc_column_text]SANT JORDI ALBERGS, S.L. obtiene datos de car\u00e1cter personal a trav\u00e9s del formulario de suscripci\u00f3n a nuestra Newsletter que se encuentra en la web, a trav\u00e9s del formulario de contacto de aquellas personas que remitan alguna candidatura de puestos de trabajo o solicitud de informaci\u00f3n para grupos, as\u00ed como a trav\u00e9s del registro en la web, por el volcado de informaci\u00f3n para realizar una reserva de un alojamiento en nuestros Hostels.<\/p>\n<p>De conformidad con la normativa vigente en Protecci\u00f3n de datos, en concreto, del Reglamento (UE) 2016\/679 del Parlamento Europeo y del Consejo, de 27 de abril de 2016, los datos de car\u00e1cter personal facilitados a SANT JORDI ALBERGS, S.L. a trav\u00e9s del presente portal web pasar\u00e1n a formar parte de sus sistemas de informaci\u00f3n que cumplen con las medidas de seguridad exigidas a fin de garantizar la confidencialidad, integridad, seguridad y recuperaci\u00f3n de la informaci\u00f3n.<\/p>\n<p>Las finalidades para las que se recaban estos datos estar\u00e1n siempre relacionadas con nuestros alojamientos, por lo que sus datos ser\u00e1n tratados por nuestro personal para poder dar respuesta a sus consultas, informarle puntualmente de novedades, ofertas o promociones que pudieran ser de su inter\u00e9s.<\/p>\n<p>En aquellos casos en los que la informaci\u00f3n que nos haya hecho llegar ha sido con la finalidad de participar en un proceso de selecci\u00f3n laboral, el tratamiento de sus datos se circunscribir\u00e1, \u00fanicamente, a este fin, procediendo a eliminar la informaci\u00f3n al a\u00f1o de haberla recibido.<\/p>\n<p>La Base Jur\u00eddica para este tratamiento es el consentimiento del Usuario, que nos presta a trav\u00e9s de su aceptaci\u00f3n en cada uno de los apartados de toma de datos.<\/p>\n<p>La informaci\u00f3n peri\u00f3dica se le remitir\u00e1 a trav\u00e9s de nuestra newsletter peri\u00f3dica cuando nos haya dado su consentimiento.<br \/>\nSus datos se conservar\u00e1n durante el plazo que conste Ud. inscrito para recibir la informaci\u00f3n solicitada, siendo su consentimiento revocable, \u00e9ste podr\u00e1 ser retirado en cualquier momento a trav\u00e9s del link que acompa\u00f1a cada env\u00edo para comunicarnos su BAJA o bien a trav\u00e9s de un correo electr\u00f3nico a la direcci\u00f3n <a href=\"mailto:data.gdpr@santjordi.org\" target=\"_blank\" rel=\"noopener\">data.gdpr@santjordi.org<\/a>. Desde ese momento, ya no recibir\u00e1 ninguna comunicaci\u00f3n por nuestra parte.<\/p>\n<p>No se proceder\u00e1 a la comunicaci\u00f3n ni cesi\u00f3n de sus datos, exceptuando de la empresa a trav\u00e9s de la cual realizamos los env\u00edos de Newsletter, cuyos servidores est\u00e1n ubicados en la Uni\u00f3n Europea.<\/p>\n<p>Cuando acuda a nuestras instalaciones, en el alojamiento que haya contratado, SANT JORDI ALBERGS, S.L. tambi\u00e9n almacenar\u00e1 en sus sistemas las im\u00e1genes tomadas dentro de los edificios, en virtud del sistema de c\u00e1maras de video vigilancia instaladas por una finalidad de control de los accesos y seguridad en las instalaciones y las personas. Estas im\u00e1genes solo ser\u00e1n comunicadas a los tribunales y\/o Fuerzas y Cuerpos de Seguridad del Estado, cuando as\u00ed se requieran, otros organismos p\u00fablicos amparados por una norma y a las empresas con las que se ha contratado el mantenimiento del sistema de video vigilancia con las que se firman los oportunos contratos de encargo de tratamiento.<\/p>\n<p>Usted tiene Derecho a obtener confirmaci\u00f3n sobre si estamos tratando sus datos personales, por tanto, tiene derecho a acceder a sus datos personales (Derecho de Acceso), tiene derecho a rectificar los datos inexactos (Derecho de Rectificaci\u00f3n) o a solicitar su supresi\u00f3n (Derecho de Supresi\u00f3n) cuando los datos ya no sean necesarios, tiene derecho a ejercitar su oposici\u00f3n al tratamiento de datos (Derecho de Oposici\u00f3n), a ejercitar su derecho a la limitaci\u00f3n al tratamiento, as\u00ed como tendr\u00e1 derecho a la portabilidad de sus datos, de ser el caso. Todo ello mediante escrito dirigido a nuestra direcci\u00f3n de acceso en Carrer Diputaci\u00f3 322 3\u00ba 2\u00aa, 08009 de Barcelona o bien a trav\u00e9s del correo electr\u00f3nico <a href=\"mailto:data.gdpr@santjordi.org\" target=\"_blank\" rel=\"noopener\">data.gdpr@santjordi.org<\/a> de conformidad con el procedimiento de los art\u00edculos 15 a 23 del Reglamento (UE) 2016\/679 del Parlamento Europeo y del Consejo, de 27 de abril de 2016.<\/p>\n<p>SANT JORDI ALBERGS, S.L., declara tener implementadas las medidas de seguridad de \u00edndole t\u00e9cnica y organizativa necesarias que garanticen la seguridad de los datos y eviten su alteraci\u00f3n, p\u00e9rdida, tratamiento o acceso no autorizado, habida cuenta del estado de la tecnolog\u00eda, la naturaleza de los datos almacenados y los riesgos a que est\u00e1n expuestos, ya provengan de la acci\u00f3n humana o del medio f\u00edsico o natural.<br \/>\nPara proteger la intimidad de los USUARIOS, queda prohibido el env\u00edo de cualquier dato referente a su ideolog\u00eda, religi\u00f3n, creencias, origen racial, salud, y vida sexual a trav\u00e9s de nuestros formularios.<br \/>\nAsimismo, le informamos que, en ning\u00fan caso, se realizar\u00e1n decisiones individuales automatizadas ni elaboraci\u00f3n de perfiles.<\/p>\n<p>Este Aviso Legal se rige por la Ley espa\u00f1ola. Por tanto, los usuarios se someten a los Juzgados y Tribunales de la ciudad de Barcelona, con renuncia expresa a su fuero propio, a\u00fan dentro del mismo territorio espa\u00f1ol.<br \/>\nAsimismo, los comerciantes establecidos en la UE que celebren contratos de prestaci\u00f3n de servicios en l\u00ednea ofrecer\u00e1n en su web un enlace electr\u00f3nico a la plataforma de resoluci\u00f3n de litigios en l\u00ednea. Este es:<br \/>\n<a href=\"https:\/\/ec.europa.eu\/consumers\/odr\/main\/index.cfm?event=main.home.show&amp;lng=ES\" target=\"_blank\" rel=\"noopener\">https:\/\/ec.europa.eu\/consumers\/odr\/main\/index.cfm?event=main.home.show&amp;lng=ES<\/a>[\/vc_column_text][\/vc_tta_section][\/vc_tta_accordion][\/vc_column][vc_column width=\u00bb1\/3&#8243; css=\u00bb.vc_custom_1560281163586{padding-top: 10px !important;padding-right: 10px !important;padding-bottom: 10px !important;padding-left: 10px !important;background-color: #f2f2f2 !important;}\u00bb][vc_column_text]<\/p>\n<ul>\n<li><a href=\"https:\/\/www.santjordihostels.com\/es\/politica-de-privacidad-2\/\" target=\"_blank\" rel=\"noopener\">Pol\u00edtica de Privacidad<\/a><\/li>\n<li><a href=\"https:\/\/www.santjordihostels.com\/es\/terminos-y-condiciones-2\/\" target=\"_blank\" rel=\"noopener\">T\u00e9rminos y condiciones de reservas<\/a><\/li>\n<li><a href=\"https:\/\/www.santjordihostels.com\/es\/politica-cookies-y-aviso-legal\/\" target=\"_blank\" rel=\"noopener\">Pol\u00edtica de Cookies y Aviso Legal<\/a><\/li>\n<li><a href=\"https:\/\/www.santjordihostels.com\/es\/politica-de-privacidad-publicidad\/\" target=\"_blank\" rel=\"noopener\">Pol\u00edtica de Privacidad de Publicidad<\/a><\/li>\n<li><a href=\"https:\/\/www.santjordihostels.com\/es\/politica-de-privacidad-recursos-humanos\/\" target=\"_blank\" rel=\"noopener\">Pol\u00edtica de Privacidad \u2013 RRHH<\/a><\/li>\n<li><a href=\"https:\/\/www.santjordihostels.com\/es\/politica-de-privacidad-reservas-individuales-o-grupos\/\" target=\"_blank\" rel=\"noopener\">Pol\u00edtica de Privacidad de Reservas Individuales o Grupos<\/a><\/li>\n<li><a href=\"https:\/\/www.santjordihostels.com\/es\/politica-de-privacidad-videovigilancia\/\" target=\"_blank\" rel=\"noopener\">Pol\u00edtica de Privacidad de Videovigilancia<\/a><\/li>\n<\/ul>\n<p>[\/vc_column_text][\/vc_column][\/vc_row]<\/p>\n<\/div>","protected":false},"excerpt":{"rendered":"<p>[vc_row][vc_column css=\u00bb.vc_custom_1560280992209{padding-bottom: 20px !important;}\u00bb][vc_column_text] Pol\u00edtica de Privacidad &#8211; Publicidad [\/vc_column_text][\/vc_column][\/vc_row][vc_row][vc_column width=\u00bb2\/3&#8243;][vc_separator css=\u00bb.vc_custom_1560281064696{padding-right: 40px !important;}\u00bb][vc_column_text css=\u00bb.vc_custom_1618916419382{padding-top: 20px !important;padding-right: 20px !important;padding-bottom: 20px !important;}\u00bb]Le informamos que la informaci\u00f3n remitida a trav\u00e9s del presente formulario de contacto web quedar\u00e1 incorporada a los sistemas de informaci\u00f3n de SANT JORDI ALBERGS, S.L. De conformidad con la normativa vigente en Protecci\u00f3n de&hellip;<\/p>\n","protected":false},"author":15,"featured_media":0,"parent":0,"menu_order":0,"comment_status":"closed","ping_status":"closed","template":"","meta":{"_acf_changed":false,"footnotes":""},"class_list":["post-53918","page","type-page","status-publish","hentry","description-off"],"acf":[],"yoast_head":"<!-- This site is optimized with the Yoast SEO plugin v25.6 - https:\/\/yoast.com\/wordpress\/plugins\/seo\/ -->\n<title>Pol\u00edtica de Privacidad - Publicidad - Sant Jordi Hostels<\/title>\n<meta name=\"description\" content=\"Pol\u00edtica de privacidad de la publicidad para los datos proporcionados por el usuario en este sitio web.\" \/>\n<meta name=\"robots\" content=\"index, follow, max-snippet:-1, max-image-preview:large, max-video-preview:-1\" \/>\n<link rel=\"canonical\" href=\"https:\/\/www.santjordihostels.com\/es\/politica-de-privacidad-publicidad\/\" \/>\n<meta property=\"og:locale\" content=\"es_ES\" \/>\n<meta property=\"og:type\" content=\"article\" \/>\n<meta property=\"og:title\" content=\"Pol\u00edtica de Privacidad - Publicidad - Sant Jordi Hostels\" \/>\n<meta property=\"og:description\" content=\"Pol\u00edtica de privacidad de la publicidad para los datos proporcionados por el usuario en este sitio web.\" \/>\n<meta property=\"og:url\" content=\"https:\/\/www.santjordihostels.com\/es\/politica-de-privacidad-publicidad\/\" \/>\n<meta property=\"og:site_name\" content=\"Sant Jordi Hostels\" \/>\n<meta property=\"article:publisher\" content=\"https:\/\/www.facebook.com\/santjordihostels\/\" \/>\n<meta property=\"article:modified_time\" content=\"2021-04-20T11:00:23+00:00\" \/>\n<meta name=\"twitter:card\" content=\"summary_large_image\" \/>\n<meta name=\"twitter:site\" content=\"@santjordihostel\" \/>\n<meta name=\"twitter:label1\" content=\"Tiempo de lectura\" \/>\n\t<meta name=\"twitter:data1\" content=\"6 minutos\" \/>\n<script type=\"application\/ld+json\" class=\"yoast-schema-graph\">{\"@context\":\"https:\/\/schema.org\",\"@graph\":[{\"@type\":\"WebPage\",\"@id\":\"https:\/\/www.santjordihostels.com\/es\/politica-de-privacidad-publicidad\/\",\"url\":\"https:\/\/www.santjordihostels.com\/es\/politica-de-privacidad-publicidad\/\",\"name\":\"Pol\u00edtica de Privacidad - Publicidad - Sant Jordi Hostels\",\"isPartOf\":{\"@id\":\"https:\/\/www.santjordihostels.com\/pt-br\/#website\"},\"datePublished\":\"2021-04-19T16:39:07+00:00\",\"dateModified\":\"2021-04-20T11:00:23+00:00\",\"description\":\"Pol\u00edtica de privacidad de la publicidad para los datos proporcionados por el usuario en este sitio web.\",\"breadcrumb\":{\"@id\":\"https:\/\/www.santjordihostels.com\/es\/politica-de-privacidad-publicidad\/#breadcrumb\"},\"inLanguage\":\"es\",\"potentialAction\":[{\"@type\":\"ReadAction\",\"target\":[\"https:\/\/www.santjordihostels.com\/es\/politica-de-privacidad-publicidad\/\"]}]},{\"@type\":\"BreadcrumbList\",\"@id\":\"https:\/\/www.santjordihostels.com\/es\/politica-de-privacidad-publicidad\/#breadcrumb\",\"itemListElement\":[{\"@type\":\"ListItem\",\"position\":1,\"name\":\"Home\",\"item\":\"https:\/\/www.santjordihostels.com\/es\/\"},{\"@type\":\"ListItem\",\"position\":2,\"name\":\"Pol\u00edtica de Privacidad &#8211; Publicidad\"}]},{\"@type\":\"WebSite\",\"@id\":\"https:\/\/www.santjordihostels.com\/pt-br\/#website\",\"url\":\"https:\/\/www.santjordihostels.com\/pt-br\/\",\"name\":\"Sant Jordi Hostels\",\"description\":\"Award winning Barcelona Hostels. Modern Facilities. Great Locations. Fun Activities. The best Hostels Barcelona for good times and great accommodations.\",\"publisher\":{\"@id\":\"https:\/\/www.santjordihostels.com\/pt-br\/#organization\"},\"potentialAction\":[{\"@type\":\"SearchAction\",\"target\":{\"@type\":\"EntryPoint\",\"urlTemplate\":\"https:\/\/www.santjordihostels.com\/pt-br\/?s={search_term_string}\"},\"query-input\":{\"@type\":\"PropertyValueSpecification\",\"valueRequired\":true,\"valueName\":\"search_term_string\"}}],\"inLanguage\":\"es\"},{\"@type\":\"Organization\",\"@id\":\"https:\/\/www.santjordihostels.com\/pt-br\/#organization\",\"name\":\"Sant Jordi Hostels\",\"url\":\"https:\/\/www.santjordihostels.com\/pt-br\/\",\"logo\":{\"@type\":\"ImageObject\",\"inLanguage\":\"es\",\"@id\":\"https:\/\/www.santjordihostels.com\/pt-br\/#\/schema\/logo\/image\/\",\"url\":\"https:\/\/www.santjordihostels.com\/wp-content\/uploads\/SJ_hd-logo2_2x.png\",\"contentUrl\":\"https:\/\/www.santjordihostels.com\/wp-content\/uploads\/SJ_hd-logo2_2x.png\",\"width\":163,\"height\":130,\"caption\":\"Sant Jordi Hostels\"},\"image\":{\"@id\":\"https:\/\/www.santjordihostels.com\/pt-br\/#\/schema\/logo\/image\/\"},\"sameAs\":[\"https:\/\/www.facebook.com\/santjordihostels\/\",\"https:\/\/x.com\/santjordihostel\",\"https:\/\/www.instagram.com\/santjordihostels\/\",\"https:\/\/www.pinterest.es\/santjordihostels\"]}]}<\/script>\n<!-- \/ Yoast SEO plugin. -->","yoast_head_json":{"title":"Pol\u00edtica de Privacidad - Publicidad - Sant Jordi Hostels","description":"Pol\u00edtica de privacidad de la publicidad para los datos proporcionados por el usuario en este sitio web.","robots":{"index":"index","follow":"follow","max-snippet":"max-snippet:-1","max-image-preview":"max-image-preview:large","max-video-preview":"max-video-preview:-1"},"canonical":"https:\/\/www.santjordihostels.com\/es\/politica-de-privacidad-publicidad\/","og_locale":"es_ES","og_type":"article","og_title":"Pol\u00edtica de Privacidad - Publicidad - Sant Jordi Hostels","og_description":"Pol\u00edtica de privacidad de la publicidad para los datos proporcionados por el usuario en este sitio web.","og_url":"https:\/\/www.santjordihostels.com\/es\/politica-de-privacidad-publicidad\/","og_site_name":"Sant Jordi Hostels","article_publisher":"https:\/\/www.facebook.com\/santjordihostels\/","article_modified_time":"2021-04-20T11:00:23+00:00","twitter_card":"summary_large_image","twitter_site":"@santjordihostel","twitter_misc":{"Tiempo de lectura":"6 minutos"},"schema":{"@context":"https:\/\/schema.org","@graph":[{"@type":"WebPage","@id":"https:\/\/www.santjordihostels.com\/es\/politica-de-privacidad-publicidad\/","url":"https:\/\/www.santjordihostels.com\/es\/politica-de-privacidad-publicidad\/","name":"Pol\u00edtica de Privacidad - Publicidad - Sant Jordi Hostels","isPartOf":{"@id":"https:\/\/www.santjordihostels.com\/pt-br\/#website"},"datePublished":"2021-04-19T16:39:07+00:00","dateModified":"2021-04-20T11:00:23+00:00","description":"Pol\u00edtica de privacidad de la publicidad para los datos proporcionados por el usuario en este sitio web.","breadcrumb":{"@id":"https:\/\/www.santjordihostels.com\/es\/politica-de-privacidad-publicidad\/#breadcrumb"},"inLanguage":"es","potentialAction":[{"@type":"ReadAction","target":["https:\/\/www.santjordihostels.com\/es\/politica-de-privacidad-publicidad\/"]}]},{"@type":"BreadcrumbList","@id":"https:\/\/www.santjordihostels.com\/es\/politica-de-privacidad-publicidad\/#breadcrumb","itemListElement":[{"@type":"ListItem","position":1,"name":"Home","item":"https:\/\/www.santjordihostels.com\/es\/"},{"@type":"ListItem","position":2,"name":"Pol\u00edtica de Privacidad &#8211; Publicidad"}]},{"@type":"WebSite","@id":"https:\/\/www.santjordihostels.com\/pt-br\/#website","url":"https:\/\/www.santjordihostels.com\/pt-br\/","name":"Sant Jordi Hostels","description":"Award winning Barcelona Hostels. Modern Facilities. Great Locations. Fun Activities. The best Hostels Barcelona for good times and great accommodations.","publisher":{"@id":"https:\/\/www.santjordihostels.com\/pt-br\/#organization"},"potentialAction":[{"@type":"SearchAction","target":{"@type":"EntryPoint","urlTemplate":"https:\/\/www.santjordihostels.com\/pt-br\/?s={search_term_string}"},"query-input":{"@type":"PropertyValueSpecification","valueRequired":true,"valueName":"search_term_string"}}],"inLanguage":"es"},{"@type":"Organization","@id":"https:\/\/www.santjordihostels.com\/pt-br\/#organization","name":"Sant Jordi Hostels","url":"https:\/\/www.santjordihostels.com\/pt-br\/","logo":{"@type":"ImageObject","inLanguage":"es","@id":"https:\/\/www.santjordihostels.com\/pt-br\/#\/schema\/logo\/image\/","url":"https:\/\/www.santjordihostels.com\/wp-content\/uploads\/SJ_hd-logo2_2x.png","contentUrl":"https:\/\/www.santjordihostels.com\/wp-content\/uploads\/SJ_hd-logo2_2x.png","width":163,"height":130,"caption":"Sant Jordi Hostels"},"image":{"@id":"https:\/\/www.santjordihostels.com\/pt-br\/#\/schema\/logo\/image\/"},"sameAs":["https:\/\/www.facebook.com\/santjordihostels\/","https:\/\/x.com\/santjordihostel","https:\/\/www.instagram.com\/santjordihostels\/","https:\/\/www.pinterest.es\/santjordihostels"]}]}},"_links":{"self":[{"href":"https:\/\/www.santjordihostels.com\/es\/wp-json\/wp\/v2\/pages\/53918"}],"collection":[{"href":"https:\/\/www.santjordihostels.com\/es\/wp-json\/wp\/v2\/pages"}],"about":[{"href":"https:\/\/www.santjordihostels.com\/es\/wp-json\/wp\/v2\/types\/page"}],"author":[{"embeddable":true,"href":"https:\/\/www.santjordihostels.com\/es\/wp-json\/wp\/v2\/users\/15"}],"replies":[{"embeddable":true,"href":"https:\/\/www.santjordihostels.com\/es\/wp-json\/wp\/v2\/comments?post=53918"}],"version-history":[{"count":4,"href":"https:\/\/www.santjordihostels.com\/es\/wp-json\/wp\/v2\/pages\/53918\/revisions"}],"predecessor-version":[{"id":53974,"href":"https:\/\/www.santjordihostels.com\/es\/wp-json\/wp\/v2\/pages\/53918\/revisions\/53974"}],"wp:attachment":[{"href":"https:\/\/www.santjordihostels.com\/es\/wp-json\/wp\/v2\/media?parent=53918"}],"curies":[{"name":"wp","href":"https:\/\/api.w.org\/{rel}","templated":true}]}}