{"id":53912,"date":"2021-04-19T16:33:24","date_gmt":"2021-04-19T16:33:24","guid":{"rendered":"https:\/\/www.santjordihostels.com\/?page_id=53912"},"modified":"2021-04-20T10:50:56","modified_gmt":"2021-04-20T10:50:56","slug":"politica-cookies-y-aviso-legal","status":"publish","type":"page","link":"https:\/\/www.santjordihostels.com\/es\/politica-cookies-y-aviso-legal\/","title":{"rendered":"Pol\u00edtica de Cookies y Aviso Legal"},"content":{"rendered":"<div class=\"wpb-content-wrapper\"><p>[vc_row][vc_column css=\u00bb.vc_custom_1560280992209{padding-bottom: 20px !important;}\u00bb][vc_column_text]<\/p>\n<h1>Pol\u00edtica de Cookies y Aviso Legal<\/h1>\n<p>[\/vc_column_text][\/vc_column][\/vc_row][vc_row][vc_column width=\u00bb2\/3&#8243;][vc_separator css=\u00bb.vc_custom_1560281064696{padding-right: 40px !important;}\u00bb][vc_column_text css=\u00bb.vc_custom_1618915853751{padding-top: 20px !important;padding-right: 20px !important;padding-bottom: 20px !important;}\u00bb]A los efectos de lo previsto en la Ley 34\/2002 de 11 de julio de Servicios de la Sociedad de la Informaci\u00f3n y del Comercio Electr\u00f3nico, (en adelante, la LSSICE), se pone en conocimiento del usuario, (en adelante, el USUARIO), que accede a esta p\u00e1gina web con el dominio, www. santjordihostels.com, (en adelante, la WEB), la siguiente INFORMACI\u00d3N GENERAL SOBRE EL PRESTADOR DEL SERVICIO:<\/p>\n<p>Denominaci\u00f3n social: SANT JORDI ALBERGS, S.L.<\/p>\n<p>Direcci\u00f3n de acceso: Carrer Diputaci\u00f3 322 3\u00ba 2\u00aa, 08009 de Barcelona (Spain)<br \/>\nC.I.F.: n\u00fam. B-65766180<br \/>\nCorreo-e: <a href=\"mailto:data.gdpr@santjordi.org\" target=\"_blank\" rel=\"noopener\">data.gdpr@santjordi.org<\/a><br \/>\nTel\u00e9fono: + 34 934 190 914 de Lunes a Viernes de 10:00 a 14:00 y de 15:00 a 18:00.<br \/>\nE-mail de contacto: <a href=\"mailto:data.gdpr@santjordi.org\" target=\"_blank\" rel=\"noopener\">data.gdpr@santjordi.org<\/a><br \/>\nInscripci\u00f3n en el Registro Mercantil de Barcelona: Tomo 43118, Folio 177, Hoja B-422712\/Inscripci\u00f3n 1\u00aa<br \/>\nAsimismo, SANT JORDI ALBERGS, S.L. informa al USUARIO de los siguientes t\u00e9rminos y condiciones:<\/p>\n<p><strong>1. Condiciones generales de uso de la web<\/strong><\/p>\n<p>Los contenidos, actividades comerciales y servicios, en general, prestados a trav\u00e9s de la WEB est\u00e1n sometidos a los t\u00e9rminos y condiciones previstos en este \u201cAviso Legal\u201d (en adelante, el AVISO) y cumplen con la vigente legislaci\u00f3n espa\u00f1ola, en especial, con la mencionada LSSICE y la Reglamento (UE) 2016\/679 del Parlamento Europeo y del Consejo, de 27 de abril de 2016, relativo a la protecci\u00f3n de las personas f\u00edsicas en lo que respecta al tratamiento de datos personales y a la libre circulaci\u00f3n de estos datos (en adelante, la RGPD).<\/p>\n<p>En consecuencia, el simple acceso y utilizaci\u00f3n de la WEB por cualquier persona implica la atribuci\u00f3n de la condici\u00f3n de USUARIO y la aceptaci\u00f3n plena de todos los t\u00e9rminos y condiciones recogidos en este AVISO desde el mismo momento que se accede a la WEB.<\/p>\n<p>El acceso a la WEB, as\u00ed como la solicitud de todo tipo de informaci\u00f3n son totalmente gratuitos.<\/p>\n<p><strong>2. Pol\u00edtica de correos comerciales<\/strong><\/p>\n<p>De acuerdo con la LSSICE, SANT JORDI ALBERGS, S.L. no realiza pr\u00e1cticas de spam, por lo que no env\u00eda correos comerciales por v\u00eda electr\u00f3nica que no hayan sido previamente solicitados o autorizados por el USUARIO. En el momento del registro el usuario da su consentimiento para recibir newsletters peri\u00f3dicas, as\u00ed como aquellos \u00e1mbitos de informaci\u00f3n que haya indicado como de su inter\u00e9s para mantenerle informado de las ayudas y subvenciones existentes seg\u00fan la informaci\u00f3n de perfil facilitada en su \u00e1rea de usuario.<\/p>\n<p>La conformidad para recibir las mencionadas informaciones y newsletters podr\u00e1 ser revocada en cualquier momento por el USUARIO mediante comunicaci\u00f3n escrita dirigida al domicilio social de SANT JORDI ALBERGS, S.L. o a la direcci\u00f3n de correo electr\u00f3nico que constan en la informaci\u00f3n general de este AVISO.<br \/>\nAl mismo tiempo, se informa al USUARIO que, de acuerdo con la LSSICE, sus datos pueden ser utilizados para enviarle los citados correos comerciales por v\u00eda electr\u00f3nica, sin su previo consentimiento, siempre que versen sobre productos o servicios similares a los que inicialmente fueron objeto de contrataci\u00f3n o consulta. No obstante, el usuario o cliente podr\u00e1 oponerse en cualquier momento al env\u00edo de dichos correos comerciales mediante el mismo procedimiento se\u00f1alado en el p\u00e1rrafo anterior.<\/p>\n<p><strong>3. Cookies y links<\/strong><\/p>\n<p>Le informamos que esta p\u00e1gina web utiliza cookies.<\/p>\n<p>Las cookies son peque\u00f1os archivos que algunas plataformas, como las p\u00e1ginas web, pueden instalar en su ordenador. Sus funciones pueden ser muy variadas: almacenar sus preferencias de navegaci\u00f3n, recopilar informaci\u00f3n estad\u00edstica, permitir ciertas funcionalidades t\u00e9cnicas, etc. En ocasiones, las cookies se utilizan para almacenar informaci\u00f3n b\u00e1sica sobre los h\u00e1bitos de navegaci\u00f3n del usuario o de su equipo, hasta el punto, seg\u00fan los casos, de poder reconocerlo.<\/p>\n<p>Hay diferentes tipos de cookies:<\/p>\n<p><em>Cookies propias <\/em><\/p>\n<p>Son aquellas que se env\u00edan al equipo terminal del usuario desde un equipo o dominio gestionado por el propio editor y desde el que se presta el servicio solicitado por el usuario. Las cookies t\u00e9cnicas son aquellas imprescindibles y estrictamente necesarias para el correcto funcionamiento de un portal web y la utilizaci\u00f3n de las diferentes opciones y servicios que ofrece. <u>NO SE UTILIZAN ACTUALMENTE EN ESTA WEB.<\/u><\/p>\n<p><em>Cookies de terceros <\/em><\/p>\n<p>Son aquellas que se env\u00edan al equipo terminal del usuario desde un equipo o dominio que no es gestionado por el editor, sino por otra entidad que trata los datos obtenidos trav\u00e9s de las cookies.<\/p>\n<p>En esta web, las cookies de terceros son de Google, de forma que podamos utilizar la herramienta Google Analytics: <a href=\"https:\/\/www.google.com\/analytics\" target=\"_blank\" rel=\"noopener\">www.google.com\/analytics<\/a> y <a href=\"https:\/\/www.google.es\/intl\/es\/analytics\/privacyoverview.html\" target=\"_blank\" rel=\"noopener\">www.google.es\/intl\/es\/analytics\/privacyoverview.html<\/a>.<\/p>\n<p>Esta aplicaci\u00f3n ha sido desarrollada por Google y nos prestan el servicio de medici\u00f3n y an\u00e1lisis de la audiencia de nuestras p\u00e1ginas. Asimismo, ellas mismas pueden utilizar estos datos para mejorar sus propios servicios y para ofrecer servicios a otras empresas. Puedes conocer esos y otros usos desde los enlaces indicados.<\/p>\n<p>Esta herramienta no obtiene datos sobre tu nombre o apellidos ni de la direcci\u00f3n postal desde donde te conectas. La informaci\u00f3n que obtienen est\u00e1 relacionada con el n\u00famero de p\u00e1ginas vistas, el idioma, red social en la que se publican nuestras noticias, la ciudad a la que est\u00e1 asignada la direcci\u00f3n IP desde la que accedes, el n\u00famero de nuevos usuarios, la frecuencia y reincidencia de las visitas, el tiempo de visita, el navegador y el operador o tipo de terminal desde el que se realiza la visita.<\/p>\n<p>Se utilizan, asimismo, <em>cookies t\u00e9cnicas<\/em>. Las cookies t\u00e9cnicas son aquellas imprescindibles y estrictamente necesarias para el correcto funcionamiento de un portal web y la utilizaci\u00f3n de las diferentes opciones y servicios que ofrece. Por ejemplo, las que sirven para el mantenimiento de la sesi\u00f3n, la gesti\u00f3n del tiempo de respuesta, rendimiento o validaci\u00f3n de opciones, utilizar elementos de seguridad, compartir contenido con redes sociales, etc.<\/p>\n<p>Se pueden utilizar tambi\u00e9n<em> cookies de personalizaci\u00f3n.<\/em> Estas cookies permiten al usuario especificar o personalizar algunas caracter\u00edsticas de las opciones generales de la p\u00e1gina web. Por ejemplo, definir el idioma, configuraci\u00f3n regional o tipo de navegador.<\/p>\n<p>Para permitir, conocer, bloquear o eliminar las cookies instaladas en su equipo puede hacerlo mediante la configuraci\u00f3n de las opciones del navegador instalado en su ordenador. A continuaci\u00f3n encontrar\u00e1 informaci\u00f3n de c\u00f3mo realizar esta operaci\u00f3n en los principales navegadores:<\/p>\n<p>Firefox desde aqu\u00ed: <a href=\"https:\/\/support.mozilla.org\/es\/kb\/cookies-informacion-que-los-sitios-web-guardan-en-\" target=\"_blank\" rel=\"noopener\">https:\/\/support.mozilla.org\/es\/kb\/habilitar-y-deshabilitar-cookies-que-los-sitios-web<\/a><br \/>\nChrome desde aqu\u00ed: <a href=\"https:\/\/support.google.com\/chrome\/bin\/answer.py?hl=es&amp;answer=95647\" target=\"_blank\" rel=\"noopener\">https:\/\/support.google.com\/chrome\/bin\/answer.py?hl=es&amp;answer=95647<\/a><br \/>\nInternet Explorer desde aqu\u00ed: <a href=\"https:\/\/support.microsoft.com\/es-es\/help\/17442\/windows-internet-explorer-delete-manage-cookies\" target=\"_blank\" rel=\"noopener\">https:\/\/support.microsoft.com\/es-es\/help\/17442\/windows-internet-explorer-delete-manage-cookies<\/a><br \/>\nSafari desde aqu\u00ed: <a href=\"https:\/\/support.apple.com\/kb\/PH19214?viewlocale=es_ES&amp;locale=es_ES\" target=\"_blank\" rel=\"noopener\">https:\/\/support.apple.com\/kb\/PH19214?viewlocale=es_ES&amp;locale=es_ES<\/a><br \/>\nOpera desde aqu\u00ed: <a href=\"http:\/\/help.opera.com\/Windows\/11.50\/es-ES\/cookies.html\" target=\"_blank\" rel=\"noopener\">http:\/\/help.opera.com\/Windows\/11.50\/es-ES\/cookies.html<\/a><br \/>\nPara cumplir con la legislaci\u00f3n vigente, tenemos que pedir su permiso para gestionar cookies. Si decide no autorizar el tratamiento indic\u00e1ndonos su no conformidad, solo usar\u00edamos las cookies que son imprescindibles para la navegaci\u00f3n por nuestra web. En este caso, no almacenar\u00edamos ninguna cookie. En el caso de seguir navegando por nuestro sitio web sin denegar su autorizaci\u00f3n implica que acepta su uso.<\/p>\n<p>Tenga en cuenta que, si rechaza o borra las cookies de navegaci\u00f3n, no podremos mantener sus preferencias, algunas caracter\u00edsticas de las p\u00e1ginas no estar\u00e1n operativas, no podremos ofrecerle servicios personalizados y cada vez que vaya a navegar por nuestra web tendremos que solicitarle de nuevo su autorizaci\u00f3n para el uso de cookies.<\/p>\n<p>Desde la p\u00e1gina web de <a href=\"https:\/\/www.santjordihostels.com\" target=\"_blank\" rel=\"noopener\">www.santjordihostels.com<\/a>, en ocasiones, se podr\u00e1 acceder a otras p\u00e1ginas web, a trav\u00e9s de links, o hiperv\u00ednculos. SANT JORDI ALBERGS, S.L. no se hace responsable del estado de las pol\u00edticas de seguridad, privacidad y protecci\u00f3n de datos de car\u00e1cter personal, recomendando a los usuarios que, si acceden a estas p\u00e1ginas, se informen en primer lugar del contenido de las mismas.<\/p>\n<p>Debido a que SANT JORDI ALBERGS, S.L. no tiene control sobre dichos sitios y recursos, el usuario acepta y acuerda que SANT JORDI ALBERGS, S.L. no ser\u00e1 responsable de la disponibilidad de dichos sitios y recursos externos, y no los respalda ni es responsable o tiene obligaci\u00f3n legal por el contenido, comercializaci\u00f3n, productos u otros materiales en los sitios o recursos, o disponibles desde los mismos. El usuario acepta y acuerda que SANT JORDI ALBERGS, S.L. no ser\u00e1 responsable ni estar\u00e1 obligado, directa o indirectamente, por ning\u00fan da\u00f1o o p\u00e9rdida causada por, o en conexi\u00f3n con el uso o confianza en cualquier contenido, bienes o servicios disponibles a trav\u00e9s de cualquier sitio o recurso.<\/p>\n<p>SANT JORDI ALBERGS, S.L. no garantiza el acceso continuo a los contenidos de su p\u00e1gina Web, ni la ausencia de virus y\/o dem\u00e1s componentes da\u00f1inos en el website o en sus servidores, ni tampoco su correcta visualizaci\u00f3n o descarga que puede verse impedida, dificultada o interrumpida por factores o circunstancias ajenas a la empresa.<\/p>\n<p>La empresa no se responsabiliza de posibles da\u00f1os o perjuicios producidos por interferencias, interrupciones o desconexiones en el sistema que sean ajenos a su control ni tampoco de posibles da\u00f1os causados en el sistema inform\u00e1tico del usuario (hardware y software) como consecuencia del acceso a la website. Por tanto, el acceso a nuestra p\u00e1gina Web y la navegaci\u00f3n por la misma se hace bajo la responsabilidad del usuario.<\/p>\n<p><strong>4. Informaci\u00f3n sobre recursos t\u00e9cnicos<\/strong><\/p>\n<p>SANT JORDI ALBERGS, S.L. proporciona a los Usuarios los recursos t\u00e9cnicos adecuados para que, con car\u00e1cter previo, puedan acceder a este aviso legal o a cualquier otra informaci\u00f3n relevante y puedan prestar su consentimiento libremente.<\/p>\n<p><strong>5. Sumisi\u00f3n expresa y resoluci\u00f3n extrajudicial<\/strong><\/p>\n<p>Por tanto, las partes se someten, a su elecci\u00f3n, para la resoluci\u00f3n de conflictos y con renuncia a cualquier otro fuero, a los juzgados y tribunales del domicilio del usuario. En concreto, los usuarios se someten a los Juzgados y Tribunales de la ciudad de Barcelona, con renuncia expresa a su fuero propio, a\u00fan dentro del mismo territorio espa\u00f1ol.<br \/>\nAsimismo, los comerciantes establecidos en la UE que celebren contratos de prestaci\u00f3n de servicios en l\u00ednea ofrecer\u00e1n en su web un enlace electr\u00f3nico a la plataforma de resoluci\u00f3n de litigios en l\u00ednea. Este es: <a href=\"https:\/\/ec.europa.eu\/consumers\/odr\/main\/index.cfm?event=main.home.show&amp;lng=ES\" target=\"_blank\" rel=\"noopener\">https:\/\/ec.europa.eu\/consumers\/odr\/main\/index.cfm?event=main.home.show&amp;lng=ES<\/a><\/p>\n<p>Fecha de publicaci\u00f3n: 23 de mayo de 2019[\/vc_column_text][\/vc_column][vc_column width=\u00bb1\/3&#8243; css=\u00bb.vc_custom_1560281163586{padding-top: 10px !important;padding-right: 10px !important;padding-bottom: 10px !important;padding-left: 10px !important;background-color: #f2f2f2 !important;}\u00bb][vc_column_text]<\/p>\n<ul>\n<li><a href=\"https:\/\/www.santjordihostels.com\/es\/politica-de-privacidad-2\/\" target=\"_blank\" rel=\"noopener\">Pol\u00edtica de Privacidad<\/a><\/li>\n<li><a href=\"https:\/\/www.santjordihostels.com\/es\/terminos-y-condiciones-2\/\" target=\"_blank\" rel=\"noopener\">T\u00e9rminos y condiciones de reservas<\/a><\/li>\n<li><a href=\"https:\/\/www.santjordihostels.com\/es\/politica-cookies-y-aviso-legal\/\" target=\"_blank\" rel=\"noopener\">Pol\u00edtica de Cookies y Aviso Legal<\/a><\/li>\n<li><a href=\"https:\/\/www.santjordihostels.com\/es\/politica-de-privacidad-publicidad\/\" target=\"_blank\" rel=\"noopener\">Pol\u00edtica de Privacidad de Publicidad<\/a><\/li>\n<li><a href=\"https:\/\/www.santjordihostels.com\/es\/politica-de-privacidad-recursos-humanos\/\" target=\"_blank\" rel=\"noopener\">Pol\u00edtica de Privacidad \u2013 RRHH<\/a><\/li>\n<li><a href=\"https:\/\/www.santjordihostels.com\/es\/politica-de-privacidad-reservas-individuales-o-grupos\/\" target=\"_blank\" rel=\"noopener\">Pol\u00edtica de Privacidad de Reservas Individuales o Grupos<\/a><\/li>\n<li><a href=\"https:\/\/www.santjordihostels.com\/es\/politica-de-privacidad-videovigilancia\/\" target=\"_blank\" rel=\"noopener\">Pol\u00edtica de Privacidad de Videovigilancia<\/a><\/li>\n<\/ul>\n<p>[\/vc_column_text][\/vc_column][\/vc_row]<\/p>\n<\/div>","protected":false},"excerpt":{"rendered":"<p>[vc_row][vc_column css=\u00bb.vc_custom_1560280992209{padding-bottom: 20px !important;}\u00bb][vc_column_text] Pol\u00edtica de Cookies y Aviso Legal [\/vc_column_text][\/vc_column][\/vc_row][vc_row][vc_column width=\u00bb2\/3&#8243;][vc_separator css=\u00bb.vc_custom_1560281064696{padding-right: 40px !important;}\u00bb][vc_column_text css=\u00bb.vc_custom_1618915853751{padding-top: 20px !important;padding-right: 20px !important;padding-bottom: 20px !important;}\u00bb]A los efectos de lo previsto en la Ley 34\/2002 de 11 de julio de Servicios de la Sociedad de la Informaci\u00f3n y del Comercio Electr\u00f3nico, (en adelante, la LSSICE), se pone en conocimiento&hellip;<\/p>\n","protected":false},"author":15,"featured_media":0,"parent":0,"menu_order":0,"comment_status":"closed","ping_status":"closed","template":"","meta":{"_acf_changed":false,"footnotes":""},"class_list":["post-53912","page","type-page","status-publish","hentry","description-off"],"acf":[],"yoast_head":"<!-- This site is optimized with the Yoast SEO plugin v25.6 - https:\/\/yoast.com\/wordpress\/plugins\/seo\/ -->\n<title>Pol\u00edtica de Cookies y Aviso Legal - Sant Jordi Hostels<\/title>\n<meta name=\"description\" content=\"T\u00e9rminos de Uso de nuestra web e informaci\u00f3n de los distintos tipos de cookies que utilizamos para personalizar su experiencia.\" \/>\n<meta name=\"robots\" content=\"index, follow, max-snippet:-1, max-image-preview:large, max-video-preview:-1\" \/>\n<link rel=\"canonical\" href=\"https:\/\/www.santjordihostels.com\/es\/politica-cookies-y-aviso-legal\/\" \/>\n<meta property=\"og:locale\" content=\"es_ES\" \/>\n<meta property=\"og:type\" content=\"article\" \/>\n<meta property=\"og:title\" content=\"Pol\u00edtica de Cookies y Aviso Legal - Sant Jordi Hostels\" \/>\n<meta property=\"og:description\" content=\"T\u00e9rminos de Uso de nuestra web e informaci\u00f3n de los distintos tipos de cookies que utilizamos para personalizar su experiencia.\" \/>\n<meta property=\"og:url\" content=\"https:\/\/www.santjordihostels.com\/es\/politica-cookies-y-aviso-legal\/\" \/>\n<meta property=\"og:site_name\" content=\"Sant Jordi Hostels\" \/>\n<meta property=\"article:publisher\" content=\"https:\/\/www.facebook.com\/santjordihostels\/\" \/>\n<meta property=\"article:modified_time\" content=\"2021-04-20T10:50:56+00:00\" \/>\n<meta name=\"twitter:card\" content=\"summary_large_image\" \/>\n<meta name=\"twitter:site\" content=\"@santjordihostel\" \/>\n<meta name=\"twitter:label1\" content=\"Tiempo de lectura\" \/>\n\t<meta name=\"twitter:data1\" content=\"8 minutos\" \/>\n<script type=\"application\/ld+json\" class=\"yoast-schema-graph\">{\"@context\":\"https:\/\/schema.org\",\"@graph\":[{\"@type\":\"WebPage\",\"@id\":\"https:\/\/www.santjordihostels.com\/es\/politica-cookies-y-aviso-legal\/\",\"url\":\"https:\/\/www.santjordihostels.com\/es\/politica-cookies-y-aviso-legal\/\",\"name\":\"Pol\u00edtica de Cookies y Aviso Legal - Sant Jordi Hostels\",\"isPartOf\":{\"@id\":\"https:\/\/www.santjordihostels.com\/pt-br\/#website\"},\"datePublished\":\"2021-04-19T16:33:24+00:00\",\"dateModified\":\"2021-04-20T10:50:56+00:00\",\"description\":\"T\u00e9rminos de Uso de nuestra web e informaci\u00f3n de los distintos tipos de cookies que utilizamos para personalizar su experiencia.\",\"breadcrumb\":{\"@id\":\"https:\/\/www.santjordihostels.com\/es\/politica-cookies-y-aviso-legal\/#breadcrumb\"},\"inLanguage\":\"es\",\"potentialAction\":[{\"@type\":\"ReadAction\",\"target\":[\"https:\/\/www.santjordihostels.com\/es\/politica-cookies-y-aviso-legal\/\"]}]},{\"@type\":\"BreadcrumbList\",\"@id\":\"https:\/\/www.santjordihostels.com\/es\/politica-cookies-y-aviso-legal\/#breadcrumb\",\"itemListElement\":[{\"@type\":\"ListItem\",\"position\":1,\"name\":\"Home\",\"item\":\"https:\/\/www.santjordihostels.com\/es\/\"},{\"@type\":\"ListItem\",\"position\":2,\"name\":\"Pol\u00edtica de Cookies y Aviso Legal\"}]},{\"@type\":\"WebSite\",\"@id\":\"https:\/\/www.santjordihostels.com\/pt-br\/#website\",\"url\":\"https:\/\/www.santjordihostels.com\/pt-br\/\",\"name\":\"Sant Jordi Hostels\",\"description\":\"Award winning Barcelona Hostels. Modern Facilities. Great Locations. Fun Activities. The best Hostels Barcelona for good times and great accommodations.\",\"publisher\":{\"@id\":\"https:\/\/www.santjordihostels.com\/pt-br\/#organization\"},\"potentialAction\":[{\"@type\":\"SearchAction\",\"target\":{\"@type\":\"EntryPoint\",\"urlTemplate\":\"https:\/\/www.santjordihostels.com\/pt-br\/?s={search_term_string}\"},\"query-input\":{\"@type\":\"PropertyValueSpecification\",\"valueRequired\":true,\"valueName\":\"search_term_string\"}}],\"inLanguage\":\"es\"},{\"@type\":\"Organization\",\"@id\":\"https:\/\/www.santjordihostels.com\/pt-br\/#organization\",\"name\":\"Sant Jordi Hostels\",\"url\":\"https:\/\/www.santjordihostels.com\/pt-br\/\",\"logo\":{\"@type\":\"ImageObject\",\"inLanguage\":\"es\",\"@id\":\"https:\/\/www.santjordihostels.com\/pt-br\/#\/schema\/logo\/image\/\",\"url\":\"https:\/\/www.santjordihostels.com\/wp-content\/uploads\/SJ_hd-logo2_2x.png\",\"contentUrl\":\"https:\/\/www.santjordihostels.com\/wp-content\/uploads\/SJ_hd-logo2_2x.png\",\"width\":163,\"height\":130,\"caption\":\"Sant Jordi Hostels\"},\"image\":{\"@id\":\"https:\/\/www.santjordihostels.com\/pt-br\/#\/schema\/logo\/image\/\"},\"sameAs\":[\"https:\/\/www.facebook.com\/santjordihostels\/\",\"https:\/\/x.com\/santjordihostel\",\"https:\/\/www.instagram.com\/santjordihostels\/\",\"https:\/\/www.pinterest.es\/santjordihostels\"]}]}<\/script>\n<!-- \/ Yoast SEO plugin. -->","yoast_head_json":{"title":"Pol\u00edtica de Cookies y Aviso Legal - Sant Jordi Hostels","description":"T\u00e9rminos de Uso de nuestra web e informaci\u00f3n de los distintos tipos de cookies que utilizamos para personalizar su experiencia.","robots":{"index":"index","follow":"follow","max-snippet":"max-snippet:-1","max-image-preview":"max-image-preview:large","max-video-preview":"max-video-preview:-1"},"canonical":"https:\/\/www.santjordihostels.com\/es\/politica-cookies-y-aviso-legal\/","og_locale":"es_ES","og_type":"article","og_title":"Pol\u00edtica de Cookies y Aviso Legal - Sant Jordi Hostels","og_description":"T\u00e9rminos de Uso de nuestra web e informaci\u00f3n de los distintos tipos de cookies que utilizamos para personalizar su experiencia.","og_url":"https:\/\/www.santjordihostels.com\/es\/politica-cookies-y-aviso-legal\/","og_site_name":"Sant Jordi Hostels","article_publisher":"https:\/\/www.facebook.com\/santjordihostels\/","article_modified_time":"2021-04-20T10:50:56+00:00","twitter_card":"summary_large_image","twitter_site":"@santjordihostel","twitter_misc":{"Tiempo de lectura":"8 minutos"},"schema":{"@context":"https:\/\/schema.org","@graph":[{"@type":"WebPage","@id":"https:\/\/www.santjordihostels.com\/es\/politica-cookies-y-aviso-legal\/","url":"https:\/\/www.santjordihostels.com\/es\/politica-cookies-y-aviso-legal\/","name":"Pol\u00edtica de Cookies y Aviso Legal - Sant Jordi Hostels","isPartOf":{"@id":"https:\/\/www.santjordihostels.com\/pt-br\/#website"},"datePublished":"2021-04-19T16:33:24+00:00","dateModified":"2021-04-20T10:50:56+00:00","description":"T\u00e9rminos de Uso de nuestra web e informaci\u00f3n de los distintos tipos de cookies que utilizamos para personalizar su experiencia.","breadcrumb":{"@id":"https:\/\/www.santjordihostels.com\/es\/politica-cookies-y-aviso-legal\/#breadcrumb"},"inLanguage":"es","potentialAction":[{"@type":"ReadAction","target":["https:\/\/www.santjordihostels.com\/es\/politica-cookies-y-aviso-legal\/"]}]},{"@type":"BreadcrumbList","@id":"https:\/\/www.santjordihostels.com\/es\/politica-cookies-y-aviso-legal\/#breadcrumb","itemListElement":[{"@type":"ListItem","position":1,"name":"Home","item":"https:\/\/www.santjordihostels.com\/es\/"},{"@type":"ListItem","position":2,"name":"Pol\u00edtica de Cookies y Aviso Legal"}]},{"@type":"WebSite","@id":"https:\/\/www.santjordihostels.com\/pt-br\/#website","url":"https:\/\/www.santjordihostels.com\/pt-br\/","name":"Sant Jordi Hostels","description":"Award winning Barcelona Hostels. Modern Facilities. Great Locations. Fun Activities. The best Hostels Barcelona for good times and great accommodations.","publisher":{"@id":"https:\/\/www.santjordihostels.com\/pt-br\/#organization"},"potentialAction":[{"@type":"SearchAction","target":{"@type":"EntryPoint","urlTemplate":"https:\/\/www.santjordihostels.com\/pt-br\/?s={search_term_string}"},"query-input":{"@type":"PropertyValueSpecification","valueRequired":true,"valueName":"search_term_string"}}],"inLanguage":"es"},{"@type":"Organization","@id":"https:\/\/www.santjordihostels.com\/pt-br\/#organization","name":"Sant Jordi Hostels","url":"https:\/\/www.santjordihostels.com\/pt-br\/","logo":{"@type":"ImageObject","inLanguage":"es","@id":"https:\/\/www.santjordihostels.com\/pt-br\/#\/schema\/logo\/image\/","url":"https:\/\/www.santjordihostels.com\/wp-content\/uploads\/SJ_hd-logo2_2x.png","contentUrl":"https:\/\/www.santjordihostels.com\/wp-content\/uploads\/SJ_hd-logo2_2x.png","width":163,"height":130,"caption":"Sant Jordi Hostels"},"image":{"@id":"https:\/\/www.santjordihostels.com\/pt-br\/#\/schema\/logo\/image\/"},"sameAs":["https:\/\/www.facebook.com\/santjordihostels\/","https:\/\/x.com\/santjordihostel","https:\/\/www.instagram.com\/santjordihostels\/","https:\/\/www.pinterest.es\/santjordihostels"]}]}},"_links":{"self":[{"href":"https:\/\/www.santjordihostels.com\/es\/wp-json\/wp\/v2\/pages\/53912"}],"collection":[{"href":"https:\/\/www.santjordihostels.com\/es\/wp-json\/wp\/v2\/pages"}],"about":[{"href":"https:\/\/www.santjordihostels.com\/es\/wp-json\/wp\/v2\/types\/page"}],"author":[{"embeddable":true,"href":"https:\/\/www.santjordihostels.com\/es\/wp-json\/wp\/v2\/users\/15"}],"replies":[{"embeddable":true,"href":"https:\/\/www.santjordihostels.com\/es\/wp-json\/wp\/v2\/comments?post=53912"}],"version-history":[{"count":5,"href":"https:\/\/www.santjordihostels.com\/es\/wp-json\/wp\/v2\/pages\/53912\/revisions"}],"predecessor-version":[{"id":53967,"href":"https:\/\/www.santjordihostels.com\/es\/wp-json\/wp\/v2\/pages\/53912\/revisions\/53967"}],"wp:attachment":[{"href":"https:\/\/www.santjordihostels.com\/es\/wp-json\/wp\/v2\/media?parent=53912"}],"curies":[{"name":"wp","href":"https:\/\/api.w.org\/{rel}","templated":true}]}}