{"id":52714,"date":"2020-04-17T15:11:20","date_gmt":"2020-04-17T15:11:20","guid":{"rendered":"https:\/\/www.santjordihostels.com\/?page_id=52714"},"modified":"2024-03-28T09:54:21","modified_gmt":"2024-03-28T09:54:21","slug":"alerta_por_sequia","status":"publish","type":"page","link":"https:\/\/www.santjordihostels.com\/es\/alerta_por_sequia\/","title":{"rendered":"Alerta por Sequ\u00eda"},"content":{"rendered":"<div class=\"wpb-content-wrapper\"><p>[vc_row][vc_column]\n\t\t\t<!-- START yachome_L8_es REVOLUTION SLIDER 6.7.15 --><p class=\"rs-p-wp-fix\"><\/p>\n\t\t\t<rs-module-wrap id=\"rev_slider_91_1_wrapper\" data-source=\"gallery\" style=\"visibility:hidden;background:transparent;padding:0;\">\n\t\t\t\t<rs-module id=\"rev_slider_91_1\" style=\"\" data-version=\"6.7.15\">\n\t\t\t\t\t<rs-slides style=\"overflow: hidden; position: absolute;\">\n\t\t\t\t\t\t<rs-slide style=\"position: absolute;\" data-key=\"rs-208\" data-title=\"Slide\" data-in=\"o:1;x:100%;\" data-out=\"a:false;\">\n\t\t\t\t\t\t\t<img decoding=\"async\" src=\"\/\/www.santjordihostels.com\/wp-content\/plugins\/revslider\/sr6\/assets\/assets\/dummy.png\" alt=\"\" title=\"Sant Jordi Hostels\" width=\"1992\" height=\"1801\" class=\"rev-slidebg tp-rs-img rs-lazyload\" data-lazyload=\"\/\/www.santjordihostels.com\/wp-content\/uploads\/web1.jpg\" data-bg=\"p:center bottom;\" data-no-retina>\n<!---->\t\t\t\t\t<\/rs-slide>\n\t\t\t\t\t\t<rs-slide style=\"position: absolute;\" data-key=\"rs-237\" data-title=\"Slide\" data-in=\"o:1;x:100%;\" data-out=\"a:false;\">\n\t\t\t\t\t\t\t<img decoding=\"async\" src=\"\/\/www.santjordihostels.com\/wp-content\/plugins\/revslider\/sr6\/assets\/assets\/dummy.png\" alt=\"\" title=\"Imperial\" width=\"2560\" height=\"1707\" class=\"rev-slidebg tp-rs-img rs-lazyload\" data-lazyload=\"\/\/www.santjordihostels.com\/wp-content\/uploads\/IMG_7423-1-scaled.jpg\" data-no-retina>\n<!---->\t\t\t\t\t<\/rs-slide>\n\t\t\t\t\t<\/rs-slides>\n\t\t\t\t\t<rs-static-layers class=\"rs-stl-visible\"><!--\n\n\t\t\t\t\t\t\t--><rs-layer\n\t\t\t\t\t\t\t\tid=\"slider-91-slide-66-layer-2\" \n\t\t\t\t\t\t\t\tclass=\"rs-layer-static\"\n\t\t\t\t\t\t\t\tdata-type=\"image\"\n\t\t\t\t\t\t\t\tdata-rsp_ch=\"on\"\n\t\t\t\t\t\t\t\tdata-xy=\"x:r;xo:6px,6px,6px,5px;y:b;yo:6px,6px,6px,5px;\"\n\t\t\t\t\t\t\t\tdata-text=\"w:normal;\"\n\t\t\t\t\t\t\t\tdata-dim=\"w:80px,80px,80px,73px;h:64px,64px,64px,58px;\"\n\t\t\t\t\t\t\t\tdata-basealign=\"slide\"\n\t\t\t\t\t\t\t\tdata-onslides=\"s:1;\"\n\t\t\t\t\t\t\t\tdata-frame_999=\"o:0;st:w;\"\n\t\t\t\t\t\t\t\tstyle=\"z-index:11;\"\n\t\t\t\t\t\t\t><img decoding=\"async\" src=\"\/\/www.santjordihostels.com\/wp-content\/plugins\/revslider\/sr6\/assets\/assets\/dummy.png\" alt=\"\" class=\"tp-rs-img rs-lazyload\" width=\"308\" height=\"247\" data-lazyload=\"\/\/www.santjordihostels.com\/wp-content\/uploads\/bandera-ue.png\" data-no-retina> \n\t\t\t\t\t\t\t<\/rs-layer><!--\n\n\t\t\t\t\t\t\t--><rs-layer\n\t\t\t\t\t\t\t\tid=\"slider-91-slide-66-layer-6\" \n\t\t\t\t\t\t\t\tclass=\"rs-layer-static\"\n\t\t\t\t\t\t\t\tdata-type=\"text\"\n\t\t\t\t\t\t\t\tdata-rsp_ch=\"on\"\n\t\t\t\t\t\t\t\tdata-xy=\"x:c;y:b;yo:36px,74px,74px,74px;\"\n\t\t\t\t\t\t\t\tdata-text=\"s:17,18,18,18;l:24,20,20,20;ls:1;fw:600;a:inherit;\"\n\t\t\t\t\t\t\t\tdata-basealign=\"slide\"\n\t\t\t\t\t\t\t\tdata-onslides=\"s:1;\"\n\t\t\t\t\t\t\t\tdata-frame_1=\"sp:290;sR:10;\"\n\t\t\t\t\t\t\t\tdata-frame_999=\"o:0;st:w;sp:310;sR:4700;\"\n\t\t\t\t\t\t\t\tstyle=\"z-index:8;font-family:'Montserrat';\"\n\t\t\t\t\t\t\t><i class=\"material-icons\">local_offer<\/i> Accede a tu ventaja exclusiva: Usa el c\u00f3digo SJHVIP y obt\u00e9n un 20% de descuento.\n <span style=\"font-size:75%\"><a style=\"color: #FFFFFF;\" href=https:\/\/www.santjordihostels.com\/es\/specials\/direct-book-discount\/\u201d target=\"_blank\">M\u00e1s info<\/a><\/span> \n\t\t\t\t\t\t\t<\/rs-layer><!--\n\n\t\t\t\t\t\t\t--><rs-layer\n\t\t\t\t\t\t\t\tid=\"slider-91-slide-66-layer-8\" \n\t\t\t\t\t\t\t\tclass=\"tp-shape tp-shapewrapper rs-layer-static\"\n\t\t\t\t\t\t\t\tdata-type=\"shape\"\n\t\t\t\t\t\t\t\tdata-rsp_ch=\"on\"\n\t\t\t\t\t\t\t\tdata-xy=\"x:c;y:b;yo:-1px,0,0,0;\"\n\t\t\t\t\t\t\t\tdata-text=\"a:inherit;\"\n\t\t\t\t\t\t\t\tdata-dim=\"w:2801px;h:106px,115px,115px,115px;\"\n\t\t\t\t\t\t\t\tdata-basealign=\"slide\"\n\t\t\t\t\t\t\t\tdata-onslides=\"s:1;\"\n\t\t\t\t\t\t\t\tdata-frame_1=\"sp:290;sR:10;\"\n\t\t\t\t\t\t\t\tdata-frame_999=\"o:0;st:w;sp:310;sR:4700;\"\n\t\t\t\t\t\t\t\tstyle=\"z-index:6;background-color:rgba(0,0,0,0.76);\"\n\t\t\t\t\t\t\t> \n\t\t\t\t\t\t\t<\/rs-layer><!--\n\n\t\t\t\t\t\t\t--><rs-layer\n\t\t\t\t\t\t\t\tid=\"slider-91-slide-66-layer-9\" \n\t\t\t\t\t\t\t\tclass=\"rs-layer-static\"\n\t\t\t\t\t\t\t\tdata-type=\"text\"\n\t\t\t\t\t\t\t\tdata-rsp_ch=\"on\"\n\t\t\t\t\t\t\t\tdata-xy=\"x:c;y:m;yo:19px,30px,30px,30px;\"\n\t\t\t\t\t\t\t\tdata-text=\"s:18;l:24;fw:500;a:inherit;\"\n\t\t\t\t\t\t\t\tdata-vbility=\"t,t,f,f\"\n\t\t\t\t\t\t\t\tdata-onslides=\"s:1;\"\n\t\t\t\t\t\t\t\tdata-frame_1=\"sp:290;sR:10;\"\n\t\t\t\t\t\t\t\tdata-frame_999=\"o:0;st:w;sp:310;sR:4700;\"\n\t\t\t\t\t\t\t\tstyle=\"z-index:9;font-family:'Montserrat';\"\n\t\t\t\t\t\t\t>MAKE MEMORIES. STAY GREAT. \n\t\t\t\t\t\t\t<\/rs-layer><!--\n\n\t\t\t\t\t\t\t--><rs-layer\n\t\t\t\t\t\t\t\tid=\"slider-91-slide-66-layer-10\" \n\t\t\t\t\t\t\t\tclass=\"rs-layer-static\"\n\t\t\t\t\t\t\t\tdata-type=\"image\"\n\t\t\t\t\t\t\t\tdata-rsp_ch=\"on\"\n\t\t\t\t\t\t\t\tdata-xy=\"x:l,c,c,c;xo:466px,0,0,0;yo:151px,111px,111px,111px;\"\n\t\t\t\t\t\t\t\tdata-text=\"l:22;a:inherit;\"\n\t\t\t\t\t\t\t\tdata-dim=\"w:[&#039;303px&#039;,&#039;303px&#039;,&#039;303px&#039;,&#039;303px&#039;];h:[&#039;185px&#039;,&#039;185px&#039;,&#039;185px&#039;,&#039;185px&#039;];\"\n\t\t\t\t\t\t\t\tdata-onslides=\"s:1;\"\n\t\t\t\t\t\t\t\tdata-frame_1=\"sp:290;sR:10;\"\n\t\t\t\t\t\t\t\tdata-frame_999=\"o:0;st:w;sp:310;sR:4700;\"\n\t\t\t\t\t\t\t\tstyle=\"z-index:10;\"\n\t\t\t\t\t\t\t><img decoding=\"async\" src=\"\/\/www.santjordihostels.com\/wp-content\/plugins\/revslider\/sr6\/assets\/assets\/dummy.png\" alt=\"\" class=\"tp-rs-img rs-lazyload\" width=\"512\" height=\"313\" data-lazyload=\"\/\/www.santjordihostels.com\/wp-content\/uploads\/santjordi-hostels-logo-slides.png\" data-no-retina> \n\t\t\t\t\t\t\t<\/rs-layer><!--\n\t\t\t\t\t--><\/rs-static-layers>\n\t\t\t\t<\/rs-module>\n\t\t\t\t<script>\n\t\t\t\t\tsetREVStartSize({c: 'rev_slider_91_1',rl:[1240,1024,778,480],el:[690,580,580,580],gw:[1240,980,700,640],gh:[690,580,580,580],type:'standard',justify:'',layout:'fullscreen',offsetContainer:'',offset:'168px',mh:\"398px\"});if (window.RS_MODULES!==undefined && window.RS_MODULES.modules!==undefined && window.RS_MODULES.modules[\"revslider911\"]!==undefined) {window.RS_MODULES.modules[\"revslider911\"].once = false;window.revapi91 = undefined;if (window.RS_MODULES.checkMinimal!==undefined) window.RS_MODULES.checkMinimal()}\n\t\t\t\t<\/script>\n\t\t\t<\/rs-module-wrap>\n\t\t\t<!-- END REVOLUTION SLIDER -->\n[\/vc_column][\/vc_row][vc_row][vc_column][vc_empty_space height=\u00bb20px\u00bb][\/vc_column][\/vc_row][vc_row][vc_column css=\u00bb.vc_custom_1560280992209{padding-bottom: 20px !important;}\u00bb][vc_column_text]<\/p>\n<h1 style=\"text-align: center;\">PISCINA CERRADA ROCK PALACE (VERANO 2024)<\/h1>\n<p>[\/vc_column_text][\/vc_column][\/vc_row][vc_row][vc_column css=\u00bb.vc_custom_1560280992209{padding-bottom: 20px !important;}\u00bb][vc_column_text]<\/p>\n<h3 style=\"text-align: center;\">Cambios importantes que afectan a nuestros servicios<\/h3>\n<p>[\/vc_column_text][\/vc_column][\/vc_row][vc_row][vc_column width=\u00bb1\/2&#8243;][vc_separator css=\u00bb.vc_custom_1560281064696{padding-right: 40px !important;}\u00bb][vc_empty_space height=\u00bb65px\u00bb][vc_column_text css=\u00bb.vc_custom_1711619371459{padding-top: 20px !important;padding-right: 20px !important;padding-bottom: 20px !important;}\u00bb]<\/p>\n<h4><strong>En Sant Jordi Hostels, nos esforzamos por brindar la mejor experiencia posible a nuestros visitantes. Sin embargo, lamentamos informarles sobre un cambio importante en nuestros servicios para la temporada de verano 2024.<\/strong><\/h4>\n<p>[\/vc_column_text][\/vc_column][vc_column width=\u00bb1\/2&#8243;][vc_single_image image=\u00bb57924&#8243; img_size=\u00bbfull\u00bb][\/vc_column][\/vc_row][vc_row][vc_column][vc_separator css=\u00bb.vc_custom_1560281064696{padding-right: 40px !important;}\u00bb][vc_column_text css=\u00bb.vc_custom_1711619656911{padding-top: 20px !important;padding-right: 20px !important;padding-bottom: 20px !important;}\u00bb]<\/p>\n<h2>1. Cierre de la Piscina en Rock Palace Hostel debido a la Sequ\u00eda<\/h2>\n<p>Lamentablemente, la piscina en nuestro querido albergue Rock Palace permanecer\u00e1 cerrada durante toda la temporada de verano 2024 (del 1 de abril al 31 de octubre). Esta decisi\u00f3n se debe a la sequ\u00eda que afecta actualmente a Barcelona y sus alrededores. Las autoridades locales han impuesto restricciones, prohibiendo el llenado de piscinas en la regi\u00f3n, ya sea totalmente o parcialmente.<\/p>\n<p>Entendemos la decepci\u00f3n que esto puede causar a aquellos que esperaban disfrutar de un chapuz\u00f3n refrescante durante su estad\u00eda. Sin embargo, dadas las circunstancias actuales, es imperativo que tomemos medidas proactivas para conservar nuestros preciados recursos y contribuir a la sostenibilidad del agua en nuestra comunidad.<\/p>\n<h2>2. Alerta por Sequ\u00eda en Barcelona<\/h2>\n<p>Es crucial reconocer que Barcelona se encuentra actualmente bajo una alerta de sequ\u00eda. Esta situaci\u00f3n ha llevado a las autoridades locales a implementar medidas destinadas a promover el uso responsable del agua. Entre estas medidas se encuentra la estricta prohibici\u00f3n de llenar piscinas, tanto total como parcialmente.<\/p>\n<p>En Sant Jordi Hostels, somos fervientes defensores del cuidado ambiental y la sostenibilidad. Por lo tanto, apoyamos plenamente estas iniciativas dise\u00f1adas para salvaguardar nuestros reservorios de agua y mitigar los impactos de la sequ\u00eda dentro de nuestra comunidad.<\/p>\n<h2>3. Seguimiento de la Situaci\u00f3n y Compromiso con Nuestros Clientes<\/h2>\n<p>Queremos asegurarles que estaremos monitoreando diligentemente la situaci\u00f3n de sequ\u00eda en Barcelona. Si las condiciones mejoran significativamente, estaremos listos para reevaluar la situaci\u00f3n y, si es factible, volver a abrir la piscina para el disfrute de nuestros hu\u00e9spedes.<\/p>\n<p>Nuestro compromiso inquebrantable sigue centrado en brindarles una estad\u00eda memorable y c\u00f3moda en nuestras instalaciones. Apreciamos profundamente su comprensi\u00f3n y cooperaci\u00f3n mientras navegamos juntos por estos desaf\u00edos.<\/p>\n<p>Para obtener m\u00e1s informaci\u00f3n sobre la situaci\u00f3n de sequ\u00eda en Barcelona y consejos de conservaci\u00f3n del agua, consulte los siguientes recursos:<\/p>\n<ul>\n<li><a href=\"https:\/\/ajuntament.barcelona.cat\/ecologiaurbana\/es\/sequia-en-barcelona\"> Portal de Informaci\u00f3n sobre el estado de la Sequ\u00eda del Ayuntamiento de Barcelona <\/a><\/li>\n<li><a href=\"https:\/\/www.aiguesdebarcelona.cat\/es\/estado-actual-sequia\"> Portal de informaci\u00f3n sobre el estado de la Sequ\u00eda de la entidad Aig\u00fces de Barcelona<\/a><\/li>\n<\/ul>\n<h4 style=\"text-align: center;\"><strong>\u00a1Gracias por elegir Sant Jordi Hostels para su aventura en Barcelona!<\/strong><\/h4>\n<p>[\/vc_column_text][\/vc_column][\/vc_row]<\/p>\n<\/div>","protected":false},"excerpt":{"rendered":"<p>[vc_row][vc_column][\/vc_column][\/vc_row][vc_row][vc_column][vc_empty_space height=\u00bb20px\u00bb][\/vc_column][\/vc_row][vc_row][vc_column css=\u00bb.vc_custom_1560280992209{padding-bottom: 20px !important;}\u00bb][vc_column_text] PISCINA CERRADA ROCK PALACE (VERANO 2024) [\/vc_column_text][\/vc_column][\/vc_row][vc_row][vc_column css=\u00bb.vc_custom_1560280992209{padding-bottom: 20px !important;}\u00bb][vc_column_text] Cambios importantes que afectan a nuestros servicios [\/vc_column_text][\/vc_column][\/vc_row][vc_row][vc_column width=\u00bb1\/2&#8243;][vc_separator css=\u00bb.vc_custom_1560281064696{padding-right: 40px !important;}\u00bb][vc_empty_space height=\u00bb65px\u00bb][vc_column_text css=\u00bb.vc_custom_1711619371459{padding-top: 20px !important;padding-right: 20px !important;padding-bottom: 20px !important;}\u00bb] En Sant Jordi Hostels, nos esforzamos por brindar la mejor experiencia posible a nuestros visitantes. Sin embargo, lamentamos informarles sobre&hellip;<\/p>\n","protected":false},"author":15,"featured_media":0,"parent":0,"menu_order":0,"comment_status":"closed","ping_status":"closed","template":"","meta":{"_acf_changed":false,"footnotes":""},"class_list":["post-52714","page","type-page","status-publish","hentry","description-off"],"acf":[],"yoast_head":"<!-- This site is optimized with the Yoast SEO plugin v25.6 - https:\/\/yoast.com\/wordpress\/plugins\/seo\/ -->\n<title>Alerta por Sequ\u00eda - Sant Jordi Hostels<\/title>\n<meta name=\"description\" content=\"Informaci\u00f3n actualizada sobre la alerta por sequ\u00eda. Cerramiento de piscina en el Hostel de Rock Palace. Nueva pol\u00edtica (verano 2024).\" \/>\n<meta name=\"robots\" content=\"index, follow, max-snippet:-1, max-image-preview:large, max-video-preview:-1\" \/>\n<link rel=\"canonical\" href=\"https:\/\/www.santjordihostels.com\/es\/alerta_por_sequia\/\" \/>\n<meta property=\"og:locale\" content=\"es_ES\" \/>\n<meta property=\"og:type\" content=\"article\" \/>\n<meta property=\"og:title\" content=\"Alerta por Sequ\u00eda - Sant Jordi Hostels\" \/>\n<meta property=\"og:description\" content=\"Informaci\u00f3n actualizada sobre la alerta por sequ\u00eda. Cerramiento de piscina en el Hostel de Rock Palace. Nueva pol\u00edtica (verano 2024).\" \/>\n<meta property=\"og:url\" content=\"https:\/\/www.santjordihostels.com\/es\/alerta_por_sequia\/\" \/>\n<meta property=\"og:site_name\" content=\"Sant Jordi Hostels\" \/>\n<meta property=\"article:publisher\" content=\"https:\/\/www.facebook.com\/santjordihostels\/\" \/>\n<meta property=\"article:modified_time\" content=\"2024-03-28T09:54:21+00:00\" \/>\n<meta property=\"og:image\" content=\"https:\/\/www.santjordihostels.com\/wp-content\/uploads\/hostel_discount_offers_barcelona_lisboa_banner-1.jpg\" \/>\n\t<meta property=\"og:image:width\" content=\"305\" \/>\n\t<meta property=\"og:image:height\" content=\"258\" \/>\n\t<meta property=\"og:image:type\" content=\"image\/jpeg\" \/>\n<meta name=\"twitter:card\" content=\"summary_large_image\" \/>\n<meta name=\"twitter:site\" content=\"@santjordihostel\" \/>\n<meta name=\"twitter:label1\" content=\"Tiempo de lectura\" \/>\n\t<meta name=\"twitter:data1\" content=\"2 minutos\" \/>\n<script type=\"application\/ld+json\" class=\"yoast-schema-graph\">{\"@context\":\"https:\/\/schema.org\",\"@graph\":[{\"@type\":\"WebPage\",\"@id\":\"https:\/\/www.santjordihostels.com\/es\/alerta_por_sequia\/\",\"url\":\"https:\/\/www.santjordihostels.com\/es\/alerta_por_sequia\/\",\"name\":\"Alerta por Sequ\u00eda - Sant Jordi Hostels\",\"isPartOf\":{\"@id\":\"https:\/\/www.santjordihostels.com\/pt-br\/#website\"},\"datePublished\":\"2020-04-17T15:11:20+00:00\",\"dateModified\":\"2024-03-28T09:54:21+00:00\",\"description\":\"Informaci\u00f3n actualizada sobre la alerta por sequ\u00eda. Cerramiento de piscina en el Hostel de Rock Palace. Nueva pol\u00edtica (verano 2024).\",\"breadcrumb\":{\"@id\":\"https:\/\/www.santjordihostels.com\/es\/alerta_por_sequia\/#breadcrumb\"},\"inLanguage\":\"es\",\"potentialAction\":[{\"@type\":\"ReadAction\",\"target\":[\"https:\/\/www.santjordihostels.com\/es\/alerta_por_sequia\/\"]}]},{\"@type\":\"BreadcrumbList\",\"@id\":\"https:\/\/www.santjordihostels.com\/es\/alerta_por_sequia\/#breadcrumb\",\"itemListElement\":[{\"@type\":\"ListItem\",\"position\":1,\"name\":\"Home\",\"item\":\"https:\/\/www.santjordihostels.com\/es\/\"},{\"@type\":\"ListItem\",\"position\":2,\"name\":\"Alerta por Sequ\u00eda\"}]},{\"@type\":\"WebSite\",\"@id\":\"https:\/\/www.santjordihostels.com\/pt-br\/#website\",\"url\":\"https:\/\/www.santjordihostels.com\/pt-br\/\",\"name\":\"Sant Jordi Hostels\",\"description\":\"Award winning Barcelona Hostels. Modern Facilities. Great Locations. Fun Activities. The best Hostels Barcelona for good times and great accommodations.\",\"publisher\":{\"@id\":\"https:\/\/www.santjordihostels.com\/pt-br\/#organization\"},\"potentialAction\":[{\"@type\":\"SearchAction\",\"target\":{\"@type\":\"EntryPoint\",\"urlTemplate\":\"https:\/\/www.santjordihostels.com\/pt-br\/?s={search_term_string}\"},\"query-input\":{\"@type\":\"PropertyValueSpecification\",\"valueRequired\":true,\"valueName\":\"search_term_string\"}}],\"inLanguage\":\"es\"},{\"@type\":\"Organization\",\"@id\":\"https:\/\/www.santjordihostels.com\/pt-br\/#organization\",\"name\":\"Sant Jordi Hostels\",\"url\":\"https:\/\/www.santjordihostels.com\/pt-br\/\",\"logo\":{\"@type\":\"ImageObject\",\"inLanguage\":\"es\",\"@id\":\"https:\/\/www.santjordihostels.com\/pt-br\/#\/schema\/logo\/image\/\",\"url\":\"https:\/\/www.santjordihostels.com\/wp-content\/uploads\/SJ_hd-logo2_2x.png\",\"contentUrl\":\"https:\/\/www.santjordihostels.com\/wp-content\/uploads\/SJ_hd-logo2_2x.png\",\"width\":163,\"height\":130,\"caption\":\"Sant Jordi Hostels\"},\"image\":{\"@id\":\"https:\/\/www.santjordihostels.com\/pt-br\/#\/schema\/logo\/image\/\"},\"sameAs\":[\"https:\/\/www.facebook.com\/santjordihostels\/\",\"https:\/\/x.com\/santjordihostel\",\"https:\/\/www.instagram.com\/santjordihostels\/\",\"https:\/\/www.pinterest.es\/santjordihostels\"]}]}<\/script>\n<!-- \/ Yoast SEO plugin. -->","yoast_head_json":{"title":"Alerta por Sequ\u00eda - Sant Jordi Hostels","description":"Informaci\u00f3n actualizada sobre la alerta por sequ\u00eda. Cerramiento de piscina en el Hostel de Rock Palace. Nueva pol\u00edtica (verano 2024).","robots":{"index":"index","follow":"follow","max-snippet":"max-snippet:-1","max-image-preview":"max-image-preview:large","max-video-preview":"max-video-preview:-1"},"canonical":"https:\/\/www.santjordihostels.com\/es\/alerta_por_sequia\/","og_locale":"es_ES","og_type":"article","og_title":"Alerta por Sequ\u00eda - Sant Jordi Hostels","og_description":"Informaci\u00f3n actualizada sobre la alerta por sequ\u00eda. Cerramiento de piscina en el Hostel de Rock Palace. Nueva pol\u00edtica (verano 2024).","og_url":"https:\/\/www.santjordihostels.com\/es\/alerta_por_sequia\/","og_site_name":"Sant Jordi Hostels","article_publisher":"https:\/\/www.facebook.com\/santjordihostels\/","article_modified_time":"2024-03-28T09:54:21+00:00","og_image":[{"width":305,"height":258,"url":"https:\/\/www.santjordihostels.com\/wp-content\/uploads\/hostel_discount_offers_barcelona_lisboa_banner-1.jpg","type":"image\/jpeg"}],"twitter_card":"summary_large_image","twitter_site":"@santjordihostel","twitter_misc":{"Tiempo de lectura":"2 minutos"},"schema":{"@context":"https:\/\/schema.org","@graph":[{"@type":"WebPage","@id":"https:\/\/www.santjordihostels.com\/es\/alerta_por_sequia\/","url":"https:\/\/www.santjordihostels.com\/es\/alerta_por_sequia\/","name":"Alerta por Sequ\u00eda - Sant Jordi Hostels","isPartOf":{"@id":"https:\/\/www.santjordihostels.com\/pt-br\/#website"},"datePublished":"2020-04-17T15:11:20+00:00","dateModified":"2024-03-28T09:54:21+00:00","description":"Informaci\u00f3n actualizada sobre la alerta por sequ\u00eda. Cerramiento de piscina en el Hostel de Rock Palace. Nueva pol\u00edtica (verano 2024).","breadcrumb":{"@id":"https:\/\/www.santjordihostels.com\/es\/alerta_por_sequia\/#breadcrumb"},"inLanguage":"es","potentialAction":[{"@type":"ReadAction","target":["https:\/\/www.santjordihostels.com\/es\/alerta_por_sequia\/"]}]},{"@type":"BreadcrumbList","@id":"https:\/\/www.santjordihostels.com\/es\/alerta_por_sequia\/#breadcrumb","itemListElement":[{"@type":"ListItem","position":1,"name":"Home","item":"https:\/\/www.santjordihostels.com\/es\/"},{"@type":"ListItem","position":2,"name":"Alerta por Sequ\u00eda"}]},{"@type":"WebSite","@id":"https:\/\/www.santjordihostels.com\/pt-br\/#website","url":"https:\/\/www.santjordihostels.com\/pt-br\/","name":"Sant Jordi Hostels","description":"Award winning Barcelona Hostels. Modern Facilities. Great Locations. Fun Activities. The best Hostels Barcelona for good times and great accommodations.","publisher":{"@id":"https:\/\/www.santjordihostels.com\/pt-br\/#organization"},"potentialAction":[{"@type":"SearchAction","target":{"@type":"EntryPoint","urlTemplate":"https:\/\/www.santjordihostels.com\/pt-br\/?s={search_term_string}"},"query-input":{"@type":"PropertyValueSpecification","valueRequired":true,"valueName":"search_term_string"}}],"inLanguage":"es"},{"@type":"Organization","@id":"https:\/\/www.santjordihostels.com\/pt-br\/#organization","name":"Sant Jordi Hostels","url":"https:\/\/www.santjordihostels.com\/pt-br\/","logo":{"@type":"ImageObject","inLanguage":"es","@id":"https:\/\/www.santjordihostels.com\/pt-br\/#\/schema\/logo\/image\/","url":"https:\/\/www.santjordihostels.com\/wp-content\/uploads\/SJ_hd-logo2_2x.png","contentUrl":"https:\/\/www.santjordihostels.com\/wp-content\/uploads\/SJ_hd-logo2_2x.png","width":163,"height":130,"caption":"Sant Jordi Hostels"},"image":{"@id":"https:\/\/www.santjordihostels.com\/pt-br\/#\/schema\/logo\/image\/"},"sameAs":["https:\/\/www.facebook.com\/santjordihostels\/","https:\/\/x.com\/santjordihostel","https:\/\/www.instagram.com\/santjordihostels\/","https:\/\/www.pinterest.es\/santjordihostels"]}]}},"_links":{"self":[{"href":"https:\/\/www.santjordihostels.com\/es\/wp-json\/wp\/v2\/pages\/52714"}],"collection":[{"href":"https:\/\/www.santjordihostels.com\/es\/wp-json\/wp\/v2\/pages"}],"about":[{"href":"https:\/\/www.santjordihostels.com\/es\/wp-json\/wp\/v2\/types\/page"}],"author":[{"embeddable":true,"href":"https:\/\/www.santjordihostels.com\/es\/wp-json\/wp\/v2\/users\/15"}],"replies":[{"embeddable":true,"href":"https:\/\/www.santjordihostels.com\/es\/wp-json\/wp\/v2\/comments?post=52714"}],"version-history":[{"count":46,"href":"https:\/\/www.santjordihostels.com\/es\/wp-json\/wp\/v2\/pages\/52714\/revisions"}],"predecessor-version":[{"id":57991,"href":"https:\/\/www.santjordihostels.com\/es\/wp-json\/wp\/v2\/pages\/52714\/revisions\/57991"}],"wp:attachment":[{"href":"https:\/\/www.santjordihostels.com\/es\/wp-json\/wp\/v2\/media?parent=52714"}],"curies":[{"name":"wp","href":"https:\/\/api.w.org\/{rel}","templated":true}]}}